{"id":35,"date":"2025-09-10T18:00:42","date_gmt":"2025-09-10T18:00:42","guid":{"rendered":"https:\/\/test.ege.fcen.uba.ar\/?page_id=35"},"modified":"2025-11-20T09:45:44","modified_gmt":"2025-11-20T12:45:44","slug":"contacto","status":"publish","type":"page","link":"https:\/\/ege.exactas.uba.ar\/index.php\/contacto\/","title":{"rendered":"Contacto"},"content":{"rendered":"\t\t<div data-elementor-type=\"wp-page\" data-elementor-id=\"35\" class=\"elementor elementor-35\">\n\t\t\t\t<div class=\"elementor-element elementor-element-390a4a6 e-flex e-con-boxed e-con e-parent\" data-id=\"390a4a6\" data-element_type=\"container\" data-e-type=\"container\" data-settings=\"{&quot;background_background&quot;:&quot;classic&quot;}\">\n\t\t\t\t\t<div class=\"e-con-inner\">\n\t\t<div class=\"elementor-element elementor-element-9f583cf e-con-full e-flex e-con e-child\" data-id=\"9f583cf\" data-element_type=\"container\" data-e-type=\"container\">\n\t\t<div class=\"elementor-element elementor-element-fbd9ed3 e-con-full e-flex e-con e-child\" data-id=\"fbd9ed3\" data-element_type=\"container\" data-e-type=\"container\">\n\t\t\t\t<div class=\"elementor-element elementor-element-ec4063b elementor-widget elementor-widget-text-editor\" data-id=\"ec4063b\" data-element_type=\"widget\" data-e-type=\"widget\" data-widget_type=\"text-editor.default\">\n\t\t\t\t\t\t\t\t\t<h4 style=\"text-align: center;\"><strong>Departamento de Ecolog\u00eda, Gen\u00e9tica y Evoluci\u00f3n<\/strong><\/h4><h5 style=\"text-align: center;\"><span style=\"color: #ff9900;\"><strong>Facultad de Ciencias Exactas y Naturales<\/strong><\/span><\/h5><ul><li>Ciudad Universitaria &#8211; Pabell\u00f3n II &#8211; 4\u00ba piso &#8211; C1428EGA. Ciudad Aut\u00f3noma de Buenos Aires.<\/li><li><strong>Secretar\u00eda EGE<\/strong> &#8211; Of. 38 \ud83d\udcde (+549-11) 5285-8623<br \/>Mail de mesa de entradas EGE\u00a0 <a href=\"mailto:mesadeentradas_ege@ege.fcen.uba.ar\" target=\"_blank\" rel=\"noopener\">\ud83d\udce9<\/a><\/li><li><strong>Secretar\u00eda IEGEBA<\/strong> &#8211; Of. 90 \ud83d\udcde (+549-11) 5285-8662<br \/>Mail de secretaria de IEGEBA\u00a0 <a href=\"mailto:secreiegeba@gmail.com\" target=\"_blank\" rel=\"noopener\">\ud83d\udce9<\/a><\/li><\/ul><h5 style=\"text-align: center;\"><span style=\"color: #ff9900;\"><strong>Universidad de Buenos Aires &#8211; Argentina<\/strong><\/span><\/h5>\t\t\t\t\t\t\t\t<\/div>\n\t\t\t\t<\/div>\n\t\t\t\t<\/div>\n\t\t<div class=\"elementor-element elementor-element-9e54767 e-con-full e-flex e-con e-child\" data-id=\"9e54767\" data-element_type=\"container\" data-e-type=\"container\">\n\t\t\t\t<div class=\"elementor-element elementor-element-f1778f7 elementor-widget__width-inherit elementor-widget elementor-widget-google_maps\" data-id=\"f1778f7\" data-element_type=\"widget\" data-e-type=\"widget\" data-widget_type=\"google_maps.default\">\n\t\t\t\t\t\t\t<div class=\"elementor-custom-embed\">\n\t\t\t<iframe loading=\"lazy\"\n\t\t\t\t\tsrc=\"https:\/\/maps.google.com\/maps?q=facultad%20de%20ciencias%20exactas%20y%20naturales&#038;t=m&#038;z=13&#038;output=embed&#038;iwloc=near\"\n\t\t\t\t\ttitle=\"facultad de ciencias exactas y naturales\"\n\t\t\t\t\taria-label=\"facultad de ciencias exactas y naturales\"\n\t\t\t><\/iframe>\n\t\t<\/div>\n\t\t\t\t\t\t<\/div>\n\t\t\t\t<\/div>\n\t\t\t\t\t<\/div>\n\t\t\t\t<\/div>\n\t\t<div class=\"elementor-element elementor-element-eb27b47 e-flex e-con-boxed e-con e-parent\" data-id=\"eb27b47\" data-element_type=\"container\" data-e-type=\"container\">\n\t\t\t\t\t<div class=\"e-con-inner\">\n\t\t\t\t<div class=\"elementor-element elementor-element-c842310 elementor-widget elementor-widget-image\" data-id=\"c842310\" data-element_type=\"widget\" data-e-type=\"widget\" data-widget_type=\"image.default\">\n\t\t\t\t\t\t\t\t\t\t\t\t\t\t\t<img fetchpriority=\"high\" decoding=\"async\" width=\"800\" height=\"270\" src=\"https:\/\/ege.exactas.uba.ar\/wp-content\/uploads\/2025\/09\/EGE-Exactas-UBA-color-institucional-1024x345.png\" class=\"attachment-large size-large wp-image-11451\" alt=\"\" srcset=\"https:\/\/ege.exactas.uba.ar\/wp-content\/uploads\/2025\/09\/EGE-Exactas-UBA-color-institucional-1024x345.png 1024w, https:\/\/ege.exactas.uba.ar\/wp-content\/uploads\/2025\/09\/EGE-Exactas-UBA-color-institucional-300x101.png 300w, https:\/\/ege.exactas.uba.ar\/wp-content\/uploads\/2025\/09\/EGE-Exactas-UBA-color-institucional-768x259.png 768w, https:\/\/ege.exactas.uba.ar\/wp-content\/uploads\/2025\/09\/EGE-Exactas-UBA-color-institucional-1536x517.png 1536w, https:\/\/ege.exactas.uba.ar\/wp-content\/uploads\/2025\/09\/EGE-Exactas-UBA-color-institucional-2048x689.png 2048w, https:\/\/ege.exactas.uba.ar\/wp-content\/uploads\/2025\/09\/EGE-Exactas-UBA-color-institucional-scaled-e1759254521651.png 900w\" sizes=\"(max-width: 800px) 100vw, 800px\" \/>\t\t\t\t\t\t\t\t\t\t\t\t\t\t\t<\/div>\n\t\t\t\t\t<\/div>\n\t\t\t\t<\/div>\n\t\t\t\t<\/div>\n\t\t","protected":false},"excerpt":{"rendered":"<p>Departamento de Ecolog\u00eda, Gen\u00e9tica y Evoluci\u00f3n Facultad de Ciencias Exactas y Naturales Ciudad Universitaria &#8211; Pabell\u00f3n II &#8211; 4\u00ba piso &#8211; C1428EGA. Ciudad Aut\u00f3noma de Buenos Aires. Secretar\u00eda EGE &#8211; Of. 38 \ud83d\udcde (+549-11) 5285-8623Mail de mesa de entradas EGE\u00a0 \ud83d\udce9 Secretar\u00eda IEGEBA &#8211; Of. 90 \ud83d\udcde (+549-11) 5285-8662Mail de secretaria de IEGEBA\u00a0 \ud83d\udce9 Universidad [&hellip;]<\/p>\n","protected":false},"author":1,"featured_media":0,"parent":0,"menu_order":0,"comment_status":"closed","ping_status":"closed","template":"","meta":{"footnotes":""},"class_list":["post-35","page","type-page","status-publish","hentry"],"_links":{"self":[{"href":"https:\/\/ege.exactas.uba.ar\/index.php\/wp-json\/wp\/v2\/pages\/35","targetHints":{"allow":["GET"]}}],"collection":[{"href":"https:\/\/ege.exactas.uba.ar\/index.php\/wp-json\/wp\/v2\/pages"}],"about":[{"href":"https:\/\/ege.exactas.uba.ar\/index.php\/wp-json\/wp\/v2\/types\/page"}],"author":[{"embeddable":true,"href":"https:\/\/ege.exactas.uba.ar\/index.php\/wp-json\/wp\/v2\/users\/1"}],"replies":[{"embeddable":true,"href":"https:\/\/ege.exactas.uba.ar\/index.php\/wp-json\/wp\/v2\/comments?post=35"}],"version-history":[{"count":40,"href":"https:\/\/ege.exactas.uba.ar\/index.php\/wp-json\/wp\/v2\/pages\/35\/revisions"}],"predecessor-version":[{"id":13628,"href":"https:\/\/ege.exactas.uba.ar\/index.php\/wp-json\/wp\/v2\/pages\/35\/revisions\/13628"}],"wp:attachment":[{"href":"https:\/\/ege.exactas.uba.ar\/index.php\/wp-json\/wp\/v2\/media?parent=35"}],"curies":[{"name":"wp","href":"https:\/\/api.w.org\/{rel}","templated":true}]}}