{"id":34,"date":"2025-09-10T18:00:42","date_gmt":"2025-09-10T18:00:42","guid":{"rendered":"https:\/\/test.ege.fcen.uba.ar\/?page_id=34"},"modified":"2025-11-20T10:36:15","modified_gmt":"2025-11-20T13:36:15","slug":"convenios","status":"publish","type":"page","link":"https:\/\/ege.exactas.uba.ar\/index.php\/convenios\/","title":{"rendered":"Convenios"},"content":{"rendered":"\t\t<div data-elementor-type=\"wp-page\" data-elementor-id=\"34\" class=\"elementor elementor-34\">\n\t\t\t\t<div class=\"elementor-element elementor-element-312c203 e-con-full e-flex e-con e-parent\" data-id=\"312c203\" data-element_type=\"container\" data-e-type=\"container\" data-settings=\"{&quot;background_background&quot;:&quot;slideshow&quot;,&quot;background_slideshow_gallery&quot;:[{&quot;id&quot;:301,&quot;url&quot;:&quot;https:\\\/\\\/ege.exactas.uba.ar\\\/wp-content\\\/uploads\\\/2025\\\/09\\\/facunoreste.jpg&quot;},{&quot;id&quot;:305,&quot;url&quot;:&quot;https:\\\/\\\/ege.exactas.uba.ar\\\/wp-content\\\/uploads\\\/2025\\\/09\\\/Wallpaper-Exactas-7-e1763645237495.jpg&quot;}],&quot;background_slideshow_slide_duration&quot;:6000,&quot;background_slideshow_transition_duration&quot;:1500,&quot;background_slideshow_lazyload&quot;:&quot;yes&quot;,&quot;background_slideshow_ken_burns&quot;:&quot;yes&quot;,&quot;background_slideshow_ken_burns_zoom_direction&quot;:&quot;out&quot;,&quot;background_slideshow_loop&quot;:&quot;yes&quot;,&quot;background_slideshow_slide_transition&quot;:&quot;fade&quot;}\">\n\t\t<div class=\"elementor-element elementor-element-60f01c1 e-flex e-con-boxed e-con e-child\" data-id=\"60f01c1\" data-element_type=\"container\" data-e-type=\"container\">\n\t\t\t\t\t<div class=\"e-con-inner\">\n\t\t\t\t<div class=\"elementor-element elementor-element-6293f06 elementor-widget__width-initial elementor-widget elementor-widget-heading\" data-id=\"6293f06\" data-element_type=\"widget\" data-e-type=\"widget\" data-widget_type=\"heading.default\">\n\t\t\t\t\t<h2 class=\"elementor-heading-title elementor-size-default\">Convenios<\/h2>\t\t\t\t<\/div>\n\t\t\t\t<div class=\"elementor-element elementor-element-c938579 elementor-widget elementor-widget-text-editor\" data-id=\"c938579\" data-element_type=\"widget\" data-e-type=\"widget\" data-widget_type=\"text-editor.default\">\n\t\t\t\t\t\t\t\t\t<p>Servicios<\/p>\t\t\t\t\t\t\t\t<\/div>\n\t\t\t\t\t<\/div>\n\t\t\t\t<\/div>\n\t\t<div class=\"elementor-element elementor-element-12a9a37 e-con-full e-flex e-con e-child\" data-id=\"12a9a37\" data-element_type=\"container\" data-e-type=\"container\">\n\t\t<div class=\"elementor-element elementor-element-b7c28cd e-con-full elementor-hidden-tablet elementor-hidden-mobile e-flex e-con e-child\" data-id=\"b7c28cd\" data-element_type=\"container\" data-e-type=\"container\">\n\t\t\t\t<div class=\"elementor-element elementor-element-e6f5248 elementor-widget elementor-widget-image\" data-id=\"e6f5248\" data-element_type=\"widget\" data-e-type=\"widget\" data-widget_type=\"image.default\">\n\t\t\t\t\t\t\t\t\t\t\t\t\t\t\t<img decoding=\"async\" width=\"150\" height=\"150\" src=\"https:\/\/ege.exactas.uba.ar\/wp-content\/uploads\/2025\/09\/logo-mini-250X250-e1757987013995-150x150.png\" class=\"attachment-thumbnail size-thumbnail wp-image-16\" alt=\"Logo Mini EGE IEGEBA\" \/>\t\t\t\t\t\t\t\t\t\t\t\t\t\t\t<\/div>\n\t\t\t\t<\/div>\n\t\t\t\t<\/div>\n\t\t\t\t<\/div>\n\t\t<div class=\"elementor-element elementor-element-52e441a e-flex e-con-boxed e-con e-parent\" data-id=\"52e441a\" data-element_type=\"container\" data-e-type=\"container\">\n\t\t\t\t\t<div class=\"e-con-inner\">\n\t\t<div class=\"elementor-element elementor-element-8ae3d3c e-con-full e-flex e-con e-child\" data-id=\"8ae3d3c\" data-element_type=\"container\" data-e-type=\"container\">\n\t\t<div class=\"elementor-element elementor-element-e782a6c e-con-full e-flex e-con e-child\" data-id=\"e782a6c\" data-element_type=\"container\" data-e-type=\"container\">\n\t\t<div class=\"elementor-element elementor-element-52ae012 e-con-full e-flex e-con e-child\" data-id=\"52ae012\" data-element_type=\"container\" data-e-type=\"container\">\n\t\t\t\t<div class=\"elementor-element elementor-element-4a8c2e8 elementor-widget elementor-widget-heading\" data-id=\"4a8c2e8\" data-element_type=\"widget\" data-e-type=\"widget\" data-widget_type=\"heading.default\">\n\t\t\t\t\t<h2 class=\"elementor-heading-title elementor-size-default\">Laboratorio de Ecolog\u00eda de Poblaciones<\/h2>\t\t\t\t<\/div>\n\t\t\t\t<div class=\"elementor-element elementor-element-b421409 elementor-widget__width-initial elementor-widget elementor-widget-text-editor\" data-id=\"b421409\" data-element_type=\"widget\" data-e-type=\"widget\" data-widget_type=\"text-editor.default\">\n\t\t\t\t\t\t\t\t\t<ul><li><span style=\"color: #003366;\"><strong>Convenio entre el Instituto De Promoci\u00f3n De La Carne Vacuna Argentina y la Facultad de Ciencias Exactas y Naturales De La Universidad Nacional de Buenos Aires<\/strong><\/span><\/li><\/ul><p style=\"padding-left: 80px;\"><strong>Responsable: Regino Cavia \u00a0 \u00a0<a href=\"mailto:rcavia@ege.fcen.uba.ar\"><img decoding=\"async\" class=\"wp-image-720 alignnone\" src=\"https:\/\/ege.exactas.uba.ar\/wp-content\/uploads\/2021\/04\/envelope.jpg\" alt=\"\" width=\"22\" height=\"17\" \/><\/a>\u00a0 \u00a0&#8211;\u00a0 \ud83d\udcde 5285-8648<\/strong><br \/><strong>Descripci\u00f3n:<\/strong> El \u201cIPCVA\u201d da asistencia financiera a la FCEN con el objeto de desarrollar e implementar el proyecto \u201cFauna silvestre y animales dom\u00e9sticos como hospedadores y dispersores de brucelosis y tuberculosis en sistemas de cr\u00eda intensiva de bovinos: estudios sobre su rol en la transmisi\u00f3n de los pat\u00f3genos, su ecolog\u00eda y manejo&#8221;.<\/p>\t\t\t\t\t\t\t\t<\/div>\n\t\t\t\t<div class=\"elementor-element elementor-element-8dc5471 elementor-widget__width-initial elementor-widget elementor-widget-text-editor\" data-id=\"8dc5471\" data-element_type=\"widget\" data-e-type=\"widget\" data-widget_type=\"text-editor.default\">\n\t\t\t\t\t\t\t\t\t<ul><li><span style=\"color: #003366;\"><strong>Convenio entre la Administraci\u00f3n de Parques Nacionales y la Facultad de Ciencias Exactas y Naturales De La Universidad Nacional de Buenos Aires. (res. Hd no 393\/2017).<\/strong><\/span><\/li><\/ul><p style=\"padding-left: 80px;\"><strong><span style=\"color: #003366;\">Responsable:<\/span> Isabel G\u00f3mez Villafa\u00f1e\u00a0 \u00a0 <a href=\"mailto:rcavia@ege.fcen.uba.ar\"><img decoding=\"async\" class=\"wp-image-720 alignnone\" src=\"https:\/\/ege.exactas.uba.ar\/wp-content\/uploads\/2021\/04\/envelope.jpg\" alt=\"\" width=\"22\" height=\"17\" \/><\/a> \u00a0 &#8211;\u00a0 \ud83d\udcde 5285-8648<\/strong><br \/><strong>Descripci\u00f3n:<\/strong> la APN brinda apoyo log\u00edsticos e infraestructura con el objetivo de colaborar conjuntamente en la investigaci\u00f3n sobre seroprevalencia de hantavirus en las comunidades de roedores en \u00c1reas Protegidas bajo jurisdicci\u00f3n de APN y elaborar medidas para minimizar el riesgo humano de contraer el S\u00edndrome Pulmonar por Hantavirus en dichas \u00c1reas.<\/p>\t\t\t\t\t\t\t\t<\/div>\n\t\t\t\t<div class=\"elementor-element elementor-element-ab56fed elementor-widget__width-initial elementor-widget elementor-widget-text-editor\" data-id=\"ab56fed\" data-element_type=\"widget\" data-e-type=\"widget\" data-widget_type=\"text-editor.default\">\n\t\t\t\t\t\t\t\t\t<ul><li><span style=\"color: #003366;\"><strong>Convenio de colaboraci\u00f3n con el partido de Exaltaci\u00f3n de la Cruz (cd 0539\/2001).<\/strong><\/span><\/li><\/ul><p style=\"padding-left: 80px;\"><strong>Responsables: Mar\u00eda Busch y David Bilenca\u00a0 \u00a0 <a href=\"mailto:mbusch@ege.fcen.uba.ar\"><img decoding=\"async\" class=\"alignnone wp-image-720\" src=\"https:\/\/ege.exactas.uba.ar\/wp-content\/uploads\/2021\/04\/envelope.jpg\" alt=\"\" width=\"22\" height=\"17\" \/><\/a>\u00a0 \u00a0&#8211;\u00a0 \ud83d\udcde 5285-8647<\/strong><br \/><strong>Descripci\u00f3n:<\/strong> El objeto del Convenio es establecer entre la Universidad de Buenos Aires y la Municipalidad de Exaltaci\u00f3n de la Cruz una relaci\u00f3n de cooperaci\u00f3n t\u00e9cnica para realizar estudios relativos a la ecolog\u00eda, epidemiolog\u00eda y control de roedores en el Municipio de Exaltaci\u00f3n de la Cruz y sus alrededores, cuyo proyecto forma parte de este acuerdo.<\/p>\t\t\t\t\t\t\t\t<\/div>\n\t\t\t\t<\/div>\n\t\t\t\t<div class=\"elementor-element elementor-element-79ff7cc elementor-widget__width-initial elementor-widget-mobile__width-initial elementor-widget elementor-widget-image\" data-id=\"79ff7cc\" data-element_type=\"widget\" data-e-type=\"widget\" data-widget_type=\"image.default\">\n\t\t\t\t\t\t\t\t\t\t\t\t\t\t\t<img loading=\"lazy\" decoding=\"async\" width=\"400\" height=\"400\" src=\"https:\/\/ege.exactas.uba.ar\/wp-content\/uploads\/2025\/10\/logo.jpg\" class=\"attachment-medium_large size-medium_large wp-image-11990\" alt=\"\" srcset=\"https:\/\/ege.exactas.uba.ar\/wp-content\/uploads\/2025\/10\/logo.jpg 400w, https:\/\/ege.exactas.uba.ar\/wp-content\/uploads\/2025\/10\/logo-300x300.jpg 300w, https:\/\/ege.exactas.uba.ar\/wp-content\/uploads\/2025\/10\/logo-150x150.jpg 150w\" sizes=\"(max-width: 400px) 100vw, 400px\" \/>\t\t\t\t\t\t\t\t\t\t\t\t\t\t\t<\/div>\n\t\t\t\t<\/div>\n\t\t\t\t<\/div>\n\t\t\t\t\t<\/div>\n\t\t\t\t<\/div>\n\t\t<div class=\"elementor-element elementor-element-295735a e-flex e-con-boxed e-con e-parent\" data-id=\"295735a\" data-element_type=\"container\" data-e-type=\"container\">\n\t\t\t\t\t<div class=\"e-con-inner\">\n\t\t<div class=\"elementor-element elementor-element-c983341 e-con-full e-flex e-con e-child\" data-id=\"c983341\" data-element_type=\"container\" data-e-type=\"container\">\n\t\t<div class=\"elementor-element elementor-element-41e642c e-con-full e-flex e-con e-child\" data-id=\"41e642c\" data-element_type=\"container\" data-e-type=\"container\">\n\t\t<div class=\"elementor-element elementor-element-286c814 e-con-full e-flex e-con e-child\" data-id=\"286c814\" data-element_type=\"container\" data-e-type=\"container\">\n\t\t\t\t<div class=\"elementor-element elementor-element-fc71272 elementor-widget elementor-widget-heading\" data-id=\"fc71272\" data-element_type=\"widget\" data-e-type=\"widget\" data-widget_type=\"heading.default\">\n\t\t\t\t\t<h2 class=\"elementor-heading-title elementor-size-default\">Laboratorio de Ecolog\u00eda de Roedores Urbanos<\/h2>\t\t\t\t<\/div>\n\t\t\t\t<div class=\"elementor-element elementor-element-23a85de elementor-widget__width-initial elementor-widget elementor-widget-text-editor\" data-id=\"23a85de\" data-element_type=\"widget\" data-e-type=\"widget\" data-widget_type=\"text-editor.default\">\n\t\t\t\t\t\t\t\t\t<ul><li><strong><span style=\"color: #003366;\">Convenio entre\u00a0 el Ministerio de Ambiente y\u00a0 Espacio P\u00fablico\u00a0 del Gobierno de la Ciudad Aut\u00f3noma de Buenos Aires y la FCEN . Proyecto: \u201cPrograma de Prevenci\u00f3n y Control de Roedores\u201d. Funci\u00f3n: Responsable t\u00e9cnico. <\/span><span lang=\"ES\">Responsable: Dra. Olga Suarez\u00a0 \u00a0 <a href=\"mailto:osuarez@ege.fcen.uba.ar\"><img loading=\"lazy\" decoding=\"async\" src=\"https:\/\/ege.exactas.uba.ar\/wp-content\/uploads\/2021\/04\/envelope.jpg\" alt=\"\" width=\"19\" height=\"14\" \/><\/a>\u00a0 \u00a0 &#8211;\u00a0 \u00a0\ud83d\udcde 5285-8674<\/span><\/strong><\/li><\/ul>\t\t\t\t\t\t\t\t<\/div>\n\t\t\t\t<div class=\"elementor-element elementor-element-6672d77 elementor-widget__width-initial elementor-widget elementor-widget-text-editor\" data-id=\"6672d77\" data-element_type=\"widget\" data-e-type=\"widget\" data-widget_type=\"text-editor.default\">\n\t\t\t\t\t\t\t\t\t<ul><li><span style=\"color: #003366;\"><strong><span lang=\"ES\">Acta de Acuerdo entre \u00a0la Municipalidad de Vicente L\u00f3pez y la FCEN-UBA con el prop\u00f3sito de promover la cooperaci\u00f3n e interacci\u00f3n entre LA MUNICIPALIDAD y la FCEN-UBA, en el estudio exploratorio orientado a la prevenci\u00f3n del s\u00edndrome pulmonar de hantavirus en el municipio de Vicente L\u00f3pez.\u00a0<\/span><\/strong><\/span><strong><span lang=\"ES\">Responsable: Dra. Olga Suarez\u00a0 \u00a0 <a href=\"mailto:osuarez@ege.fcen.uba.ar\"><img loading=\"lazy\" decoding=\"async\" src=\"https:\/\/ege.exactas.uba.ar\/wp-content\/uploads\/2021\/04\/envelope.jpg\" alt=\"\" width=\"19\" height=\"14\" \/><\/a>\u00a0 \u00a0 &#8211;\u00a0 \u00a0\ud83d\udcde 5285-8674<\/span><\/strong><\/li><\/ul>\t\t\t\t\t\t\t\t<\/div>\n\t\t\t\t<div class=\"elementor-element elementor-element-eb7e3b5 elementor-widget__width-initial elementor-widget elementor-widget-text-editor\" data-id=\"eb7e3b5\" data-element_type=\"widget\" data-e-type=\"widget\" data-widget_type=\"text-editor.default\">\n\t\t\t\t\t\t\t\t\t<ul><li><span style=\"color: #003366;\"><strong><span lang=\"ES\">Convenio de colaboraci\u00f3n entre la C\u00e1mara Argentina de Controlado<wbr \/>res de Plagas (UCABA) y la FCEN UBA. Proyecto: Desarrollo de acciones conjuntas de implementaci\u00f3n en el \u00e1rea del control de roedores urbanos&#8221;. Funci\u00f3n: Responsable t\u00e9cnico.\u00a0<\/span><\/strong><\/span><strong>Responsable: Dra. Olga Suarez\u00a0 \u00a0 <a href=\"mailto:osuarez@ege.fcen.uba.ar\"><img loading=\"lazy\" decoding=\"async\" class=\"alignnone wp-image-720\" src=\"https:\/\/ege.exactas.uba.ar\/wp-content\/uploads\/2021\/04\/envelope.jpg\" alt=\"\" width=\"19\" height=\"14\" \/><\/a>\u00a0 \u00a0 &#8211;\u00a0 \u00a0\ud83d\udcde 5285-8674<\/strong><\/li><\/ul>\t\t\t\t\t\t\t\t<\/div>\n\t\t\t\t<\/div>\n\t\t\t\t<div class=\"elementor-element elementor-element-9015d83 elementor-widget__width-initial elementor-widget-mobile__width-initial elementor-widget elementor-widget-image\" data-id=\"9015d83\" data-element_type=\"widget\" data-e-type=\"widget\" data-widget_type=\"image.default\">\n\t\t\t\t\t\t\t\t\t\t\t\t\t\t\t<img loading=\"lazy\" decoding=\"async\" width=\"308\" height=\"183\" src=\"https:\/\/ege.exactas.uba.ar\/wp-content\/uploads\/2025\/10\/logo-ECORU.png\" class=\"attachment-medium_large size-medium_large wp-image-12054\" alt=\"\" srcset=\"https:\/\/ege.exactas.uba.ar\/wp-content\/uploads\/2025\/10\/logo-ECORU.png 308w, https:\/\/ege.exactas.uba.ar\/wp-content\/uploads\/2025\/10\/logo-ECORU-300x178.png 300w\" sizes=\"(max-width: 308px) 100vw, 308px\" \/>\t\t\t\t\t\t\t\t\t\t\t\t\t\t\t<\/div>\n\t\t\t\t<\/div>\n\t\t\t\t<\/div>\n\t\t\t\t\t<\/div>\n\t\t\t\t<\/div>\n\t\t\t\t<\/div>\n\t\t","protected":false},"excerpt":{"rendered":"<p>Convenios Servicios Laboratorio de Ecolog\u00eda de Poblaciones Convenio entre el Instituto De Promoci\u00f3n De La Carne Vacuna Argentina y la Facultad de Ciencias Exactas y Naturales De La Universidad Nacional de Buenos Aires Responsable: Regino Cavia \u00a0 \u00a0\u00a0 \u00a0&#8211;\u00a0 \ud83d\udcde 5285-8648Descripci\u00f3n: El \u201cIPCVA\u201d da asistencia financiera a la FCEN con el objeto de desarrollar e [&hellip;]<\/p>\n","protected":false},"author":1,"featured_media":0,"parent":0,"menu_order":0,"comment_status":"closed","ping_status":"closed","template":"","meta":{"footnotes":""},"class_list":["post-34","page","type-page","status-publish","hentry"],"_links":{"self":[{"href":"https:\/\/ege.exactas.uba.ar\/index.php\/wp-json\/wp\/v2\/pages\/34","targetHints":{"allow":["GET"]}}],"collection":[{"href":"https:\/\/ege.exactas.uba.ar\/index.php\/wp-json\/wp\/v2\/pages"}],"about":[{"href":"https:\/\/ege.exactas.uba.ar\/index.php\/wp-json\/wp\/v2\/types\/page"}],"author":[{"embeddable":true,"href":"https:\/\/ege.exactas.uba.ar\/index.php\/wp-json\/wp\/v2\/users\/1"}],"replies":[{"embeddable":true,"href":"https:\/\/ege.exactas.uba.ar\/index.php\/wp-json\/wp\/v2\/comments?post=34"}],"version-history":[{"count":49,"href":"https:\/\/ege.exactas.uba.ar\/index.php\/wp-json\/wp\/v2\/pages\/34\/revisions"}],"predecessor-version":[{"id":13696,"href":"https:\/\/ege.exactas.uba.ar\/index.php\/wp-json\/wp\/v2\/pages\/34\/revisions\/13696"}],"wp:attachment":[{"href":"https:\/\/ege.exactas.uba.ar\/index.php\/wp-json\/wp\/v2\/media?parent=34"}],"curies":[{"name":"wp","href":"https:\/\/api.w.org\/{rel}","templated":true}]}}