{"id":12104,"date":"2025-10-17T12:55:50","date_gmt":"2025-10-17T15:55:50","guid":{"rendered":"https:\/\/test.ege.fcen.uba.ar\/?page_id=12104"},"modified":"2025-11-19T21:51:55","modified_gmt":"2025-11-20T00:51:55","slug":"genetica-de-poblaciones-aplicada-gpa","status":"publish","type":"page","link":"https:\/\/ege.exactas.uba.ar\/index.php\/genetica-de-poblaciones-aplicada-gpa\/","title":{"rendered":"Gen\u00e9tica de poblaciones aplicada (GPA)"},"content":{"rendered":"\t\t<div data-elementor-type=\"wp-page\" data-elementor-id=\"12104\" class=\"elementor elementor-12104\">\n\t\t\t\t<div class=\"elementor-element elementor-element-cd1f0fa e-flex e-con-boxed e-con e-parent\" data-id=\"cd1f0fa\" data-element_type=\"container\">\n\t\t\t\t\t<div class=\"e-con-inner\">\n\t\t\t\t\t<\/div>\n\t\t\t\t<\/div>\n\t\t<div class=\"elementor-element elementor-element-115e09a e-con-full e-flex e-con e-parent\" data-id=\"115e09a\" data-element_type=\"container\" data-settings=\"{&quot;background_background&quot;:&quot;slideshow&quot;,&quot;background_slideshow_gallery&quot;:[{&quot;id&quot;:305,&quot;url&quot;:&quot;https:\\\/\\\/ege.exactas.uba.ar\\\/wp-content\\\/uploads\\\/2025\\\/09\\\/Wallpaper-Exactas-7.jpg&quot;},{&quot;id&quot;:129,&quot;url&quot;:&quot;https:\\\/\\\/ege.exactas.uba.ar\\\/wp-content\\\/uploads\\\/2025\\\/09\\\/Wallpaper-Exactas-15.jpg&quot;},{&quot;id&quot;:128,&quot;url&quot;:&quot;https:\\\/\\\/ege.exactas.uba.ar\\\/wp-content\\\/uploads\\\/2025\\\/09\\\/Wallpaper-Exactas-13.jpg&quot;}],&quot;background_slideshow_slide_duration&quot;:6000,&quot;background_slideshow_transition_duration&quot;:1500,&quot;background_slideshow_lazyload&quot;:&quot;yes&quot;,&quot;background_slideshow_ken_burns&quot;:&quot;yes&quot;,&quot;background_slideshow_ken_burns_zoom_direction&quot;:&quot;out&quot;,&quot;background_slideshow_loop&quot;:&quot;yes&quot;,&quot;background_slideshow_slide_transition&quot;:&quot;fade&quot;}\">\n\t\t<div class=\"elementor-element elementor-element-06fc869 e-flex e-con-boxed e-con e-child\" data-id=\"06fc869\" data-element_type=\"container\">\n\t\t\t\t\t<div class=\"e-con-inner\">\n\t\t\t\t<div class=\"elementor-element elementor-element-402bfaa elementor-widget__width-initial elementor-widget elementor-widget-heading\" data-id=\"402bfaa\" data-element_type=\"widget\" data-widget_type=\"heading.default\">\n\t\t\t\t\t<h1 class=\"elementor-heading-title elementor-size-default\">GPA<\/h1>\t\t\t\t<\/div>\n\t\t\t\t<div class=\"elementor-element elementor-element-dd74e93 elementor-widget elementor-widget-text-editor\" data-id=\"dd74e93\" data-element_type=\"widget\" data-widget_type=\"text-editor.default\">\n\t\t\t\t\t\t\t\t\t<p>Gen\u00e9tica de poblaciones aplicada<\/p>\t\t\t\t\t\t\t\t<\/div>\n\t\t\t\t\t<\/div>\n\t\t\t\t<\/div>\n\t\t<div class=\"elementor-element elementor-element-81ff483 e-con-full e-flex e-con e-child\" data-id=\"81ff483\" data-element_type=\"container\">\n\t\t<div class=\"elementor-element elementor-element-c73933f e-con-full elementor-hidden-tablet elementor-hidden-mobile e-flex e-con e-child\" data-id=\"c73933f\" data-element_type=\"container\">\n\t\t\t\t<div class=\"elementor-element elementor-element-fcf9250 elementor-hidden-mobile elementor-widget elementor-widget-image\" data-id=\"fcf9250\" data-element_type=\"widget\" data-widget_type=\"image.default\">\n\t\t\t\t\t\t\t\t\t\t\t\t\t\t\t<img decoding=\"async\" width=\"300\" height=\"123\" src=\"https:\/\/ege.exactas.uba.ar\/wp-content\/uploads\/2025\/09\/IEGEBA-UBA-CONICET-logo2023-300x123.jpg\" class=\"attachment-medium size-medium wp-image-104\" alt=\"\" srcset=\"https:\/\/ege.exactas.uba.ar\/wp-content\/uploads\/2025\/09\/IEGEBA-UBA-CONICET-logo2023-300x123.jpg 300w, https:\/\/ege.exactas.uba.ar\/wp-content\/uploads\/2025\/09\/IEGEBA-UBA-CONICET-logo2023.jpg 551w\" sizes=\"(max-width: 300px) 100vw, 300px\" \/>\t\t\t\t\t\t\t\t\t\t\t\t\t\t\t<\/div>\n\t\t\t\t<\/div>\n\t\t\t\t<\/div>\n\t\t\t\t<\/div>\n\t\t<div class=\"elementor-element elementor-element-4cc66ef e-con-full e-flex e-con e-parent\" data-id=\"4cc66ef\" data-element_type=\"container\">\n\t\t\t\t<div class=\"elementor-element elementor-element-0ab5446 elementor-widget__width-initial elementor-widget elementor-widget-image\" data-id=\"0ab5446\" data-element_type=\"widget\" data-widget_type=\"image.default\">\n\t\t\t\t\t\t\t\t\t\t\t\t\t\t\t<img decoding=\"async\" width=\"207\" height=\"210\" src=\"https:\/\/ege.exactas.uba.ar\/wp-content\/uploads\/2025\/09\/logo-mini-250X250-e1757987013995.png\" class=\"attachment-medium size-medium wp-image-16\" alt=\"Logo Mini EGE IEGEBA\" \/>\t\t\t\t\t\t\t\t\t\t\t\t\t\t\t<\/div>\n\t\t<div class=\"elementor-element elementor-element-c808792 e-con-full e-flex e-con e-child\" data-id=\"c808792\" data-element_type=\"container\">\n\t\t\t\t<div class=\"elementor-element elementor-element-05cbe1f elementor-widget elementor-widget-heading\" data-id=\"05cbe1f\" data-element_type=\"widget\" data-widget_type=\"heading.default\">\n\t\t\t\t\t<h2 class=\"elementor-heading-title elementor-size-default\">L\u00cdNEA DE INVESTIGACI\u00d3N GENERAL<\/h2>\t\t\t\t<\/div>\n\t\t\t\t<div class=\"elementor-element elementor-element-b7a081e elementor-widget-divider--view-line elementor-widget elementor-widget-divider\" data-id=\"b7a081e\" data-element_type=\"widget\" data-widget_type=\"divider.default\">\n\t\t\t\t\t\t\t<div class=\"elementor-divider\">\n\t\t\t<span class=\"elementor-divider-separator\">\n\t\t\t\t\t\t<\/span>\n\t\t<\/div>\n\t\t\t\t\t\t<\/div>\n\t\t\t\t<div class=\"elementor-element elementor-element-ce14589 elementor-widget elementor-widget-text-editor\" data-id=\"ce14589\" data-element_type=\"widget\" data-widget_type=\"text-editor.default\">\n\t\t\t\t\t\t\t\t\t<p>Estudios gen\u00e9tico-poblacionales en especies colonizadoras de importancia econ\u00f3mica.<\/p>\t\t\t\t\t\t\t\t<\/div>\n\t\t\t\t<\/div>\n\t\t\t\t<\/div>\n\t\t<div class=\"elementor-element elementor-element-ef5c078 e-flex e-con-boxed e-con e-parent\" data-id=\"ef5c078\" data-element_type=\"container\" data-settings=\"{&quot;background_background&quot;:&quot;gradient&quot;}\">\n\t\t\t\t\t<div class=\"e-con-inner\">\n\t\t\t\t<div class=\"elementor-element elementor-element-e33fda1 elementor-widget elementor-widget-spacer\" data-id=\"e33fda1\" data-element_type=\"widget\" data-widget_type=\"spacer.default\">\n\t\t\t\t\t\t\t<div class=\"elementor-spacer\">\n\t\t\t<div class=\"elementor-spacer-inner\"><\/div>\n\t\t<\/div>\n\t\t\t\t\t\t<\/div>\n\t\t\t\t<div class=\"elementor-element elementor-element-6652350 elementor-widget elementor-widget-heading\" data-id=\"6652350\" data-element_type=\"widget\" data-widget_type=\"heading.default\">\n\t\t\t\t\t<h2 class=\"elementor-heading-title elementor-size-default\">L\u00cdNEAS DE INVESTIGACI\u00d3N GENERALES<\/h2>\t\t\t\t<\/div>\n\t\t\t\t<div class=\"elementor-element elementor-element-2ca9f50 elementor-widget elementor-widget-text-editor\" data-id=\"2ca9f50\" data-element_type=\"widget\" data-widget_type=\"text-editor.default\">\n\t\t\t\t\t\t\t\t\t<ul><li>GEN\u00c9TICA DE POBLACIONES.<\/li><\/ul>\t\t\t\t\t\t\t\t<\/div>\n\t\t\t\t<div class=\"elementor-element elementor-element-3960083 elementor-widget elementor-widget-spacer\" data-id=\"3960083\" data-element_type=\"widget\" data-widget_type=\"spacer.default\">\n\t\t\t\t\t\t\t<div class=\"elementor-spacer\">\n\t\t\t<div class=\"elementor-spacer-inner\"><\/div>\n\t\t<\/div>\n\t\t\t\t\t\t<\/div>\n\t\t\t\t\t<\/div>\n\t\t\t\t<\/div>\n\t\t<div class=\"elementor-element elementor-element-bb05eda e-flex e-con-boxed e-con e-parent\" data-id=\"bb05eda\" data-element_type=\"container\">\n\t\t\t\t\t<div class=\"e-con-inner\">\n\t\t<div class=\"elementor-element elementor-element-ddb4a2b e-con-full e-flex e-con e-child\" data-id=\"ddb4a2b\" data-element_type=\"container\">\n\t\t\t\t<div class=\"elementor-element elementor-element-4732def elementor-widget elementor-widget-heading\" data-id=\"4732def\" data-element_type=\"widget\" data-widget_type=\"heading.default\">\n\t\t\t\t\t<h2 class=\"elementor-heading-title elementor-size-default\">INVESTIGADOR RESPONSABLE<\/h2>\t\t\t\t<\/div>\n\t\t<div class=\"elementor-element elementor-element-1fcc6d2 e-con-full e-flex e-con e-child\" data-id=\"1fcc6d2\" data-element_type=\"container\">\n\t\t\t\t<div class=\"elementor-element elementor-element-62e8cbc eael-team-align-centered elementor-widget__width-initial elementor-widget elementor-widget-eael-team-member\" data-id=\"62e8cbc\" data-element_type=\"widget\" data-widget_type=\"eael-team-member.default\">\n\t\t\t\t\t\n\n\t<div id=\"eael-team-member-62e8cbc\" class=\"eael-team-item eael-team-members-simple team-avatar-rounded\">\n\t\t<div class=\"eael-team-item-inner\">\n\t\t\t<div class=\"eael-team-image\">\n\t\t\t\t<figure>\n\t\t\t\t\t\t\t\t\t\t<img decoding=\"async\" src=\"https:\/\/ege.exactas.uba.ar\/wp-content\/uploads\/elementor\/thumbs\/vilardi-1-rejt9acw9bozkidobrr3mosdrvpuwkrgszn3y5m7y0.png\" alt=\"\">\n\t\t\t\t\t\t\t\t\t<\/figure>\n\t\t\t\t\n\t\t\t\t\n\t\t\t<\/div>\n\n\t\t\t<div class=\"eael-team-content\">\n\t\t\t\t<h2 class=\"eael-team-member-name\">Vilardi, Juan<\/h2><h3 class=\"eael-team-member-position\">Dr. en Ciencias Biol\u00f3gicas, Profesor EGE-UBA e Investigador Principal CONICET<\/h3>\n\t\t\t\t\t\t\t\t\t\t\t\t\t\t\t<ul class=\"eael-team-member-social-profiles\">\n\t\t\t\t\t\t\t\t\t\t\t\t\t\t\t\t\t\t\t\t\t\t\t\t\t\t\t\t\t\t\t\t\t\t\t\t\t\t\t\t\t<li class=\"eael-team-member-social-link\">\n\t\t\t\t\t\t\t\t\t\t<a href=\"mailto:vilardi@ege.fcen.uba.ar\" target=\"_blank\">\n\t\t\t\t\t\t\t\t\t\t\t\t\t\t\t\t\t\t\t\t\t\t\t<svg aria-hidden=\"true\" class=\"e-font-icon-svg e-fas-envelope\" viewBox=\"0 0 512 512\" xmlns=\"http:\/\/www.w3.org\/2000\/svg\"><path d=\"M502.3 190.8c3.9-3.1 9.7-.2 9.7 4.7V400c0 26.5-21.5 48-48 48H48c-26.5 0-48-21.5-48-48V195.6c0-5 5.7-7.8 9.7-4.7 22.4 17.4 52.1 39.5 154.1 113.6 21.1 15.4 56.7 47.8 92.2 47.6 35.7.3 72-32.8 92.3-47.6 102-74.1 131.6-96.3 154-113.7zM256 320c23.2.4 56.6-29.2 73.4-41.4 132.7-96.3 142.8-104.7 173.4-128.7 5.8-4.5 9.2-11.5 9.2-18.9v-19c0-26.5-21.5-48-48-48H48C21.5 64 0 85.5 0 112v19c0 7.4 3.4 14.3 9.2 18.9 30.6 23.9 40.7 32.4 173.4 128.7 16.8 12.2 50.2 41.8 73.4 41.4z\"><\/path><\/svg>\t\t\t\t\t\t\t\t\t\t\t\t\t\t\t\t\t\t\t\t\t<\/a>\n\t\t\t\t\t\t\t\t\t<\/li>\n\t\t\t\t\t\t\t\t\t\t\t\t\t\t\t\t\t\t\t\t\t\t\t\t\t\t\t\t\t\t\t\t\t\t\t\t\t\t\t\t\t\t\t\t\t\t\t\t\t<li class=\"eael-team-member-social-link\">\n\t\t\t\t\t\t\t\t\t\t<a href=\"https:\/\/www.researchgate.net\/profile\/Juan-Vilardi\" target=\"_blank\">\n\t\t\t\t\t\t\t\t\t\t\t\t\t\t\t\t\t\t\t\t\t\t\t<svg aria-hidden=\"true\" class=\"e-font-icon-svg e-fab-researchgate\" viewBox=\"0 0 448 512\" xmlns=\"http:\/\/www.w3.org\/2000\/svg\"><path d=\"M0 32v448h448V32H0zm262.2 334.4c-6.6 3-33.2 6-50-14.2-9.2-10.6-25.3-33.3-42.2-63.6-8.9 0-14.7 0-21.4-.6v46.4c0 23.5 6 21.2 25.8 23.9v8.1c-6.9-.3-23.1-.8-35.6-.8-13.1 0-26.1.6-33.6.8v-8.1c15.5-2.9 22-1.3 22-23.9V225c0-22.6-6.4-21-22-23.9V193c25.8 1 53.1-.6 70.9-.6 31.7 0 55.9 14.4 55.9 45.6 0 21.1-16.7 42.2-39.2 47.5 13.6 24.2 30 45.6 42.2 58.9 7.2 7.8 17.2 14.7 27.2 14.7v7.3zm22.9-135c-23.3 0-32.2-15.7-32.2-32.2V167c0-12.2 8.8-30.4 34-30.4s30.4 17.9 30.4 17.9l-10.7 7.2s-5.5-12.5-19.7-12.5c-7.9 0-19.7 7.3-19.7 19.7v26.8c0 13.4 6.6 23.3 17.9 23.3 14.1 0 21.5-10.9 21.5-26.8h-17.9v-10.7h30.4c0 20.5 4.7 49.9-34 49.9zm-116.5 44.7c-9.4 0-13.6-.3-20-.8v-69.7c6.4-.6 15-.6 22.5-.6 23.3 0 37.2 12.2 37.2 34.5 0 21.9-15 36.6-39.7 36.6z\"><\/path><\/svg>\t\t\t\t\t\t\t\t\t\t\t\t\t\t\t\t\t\t\t\t\t<\/a>\n\t\t\t\t\t\t\t\t\t<\/li>\n\t\t\t\t\t\t\t\t\t\t\t\t\t\t\t\t\t\t\t\t\t\t\t\t\t\t\t\t\t\t\t\t\t\t\t\t\t\t\t\t\t\t\t\t\t\t\t\t\t<li class=\"eael-team-member-social-link\">\n\t\t\t\t\t\t\t\t\t\t<a href=\"https:\/\/orcid.org\/0000-0002-7247-7911\" target=\"_blank\">\n\t\t\t\t\t\t\t\t\t\t\t\t\t\t\t\t\t\t\t\t\t\t\t<svg aria-hidden=\"true\" class=\"e-font-icon-svg e-fab-orcid\" viewBox=\"0 0 512 512\" xmlns=\"http:\/\/www.w3.org\/2000\/svg\"><path d=\"M294.75 188.19h-45.92V342h47.47c67.62 0 83.12-51.34 83.12-76.91 0-41.64-26.54-76.9-84.67-76.9zM256 8C119 8 8 119 8 256s111 248 248 248 248-111 248-248S393 8 256 8zm-80.79 360.76h-29.84v-207.5h29.84zm-14.92-231.14a19.57 19.57 0 1 1 19.57-19.57 19.64 19.64 0 0 1-19.57 19.57zM300 369h-81V161.26h80.6c76.73 0 110.44 54.83 110.44 103.85C410 318.39 368.38 369 300 369z\"><\/path><\/svg>\t\t\t\t\t\t\t\t\t\t\t\t\t\t\t\t\t\t\t\t\t<\/a>\n\t\t\t\t\t\t\t\t\t<\/li>\n\t\t\t\t\t\t\t\t\t\t\t\t\t\t\t\t\t\t\t\t\t<\/ul>\n\t\t\t\t\t\t\t\t\t\t<p class=\"eael-team-text\">FCEN - UBA<\/p>\n\t\t\t\t\t\t\t<\/div>\n\t\t<\/div>\n\t<\/div>\n\t\t\t\t\t<\/div>\n\t\t\t\t<\/div>\n\t\t\t\t<\/div>\n\t\t<div class=\"elementor-element elementor-element-58a3fbf e-con-full e-flex e-con e-child\" data-id=\"58a3fbf\" data-element_type=\"container\">\n\t\t\t\t<div class=\"elementor-element elementor-element-36651ae elementor-widget elementor-widget-heading\" data-id=\"36651ae\" data-element_type=\"widget\" data-widget_type=\"heading.default\">\n\t\t\t\t\t<h2 class=\"elementor-heading-title elementor-size-default\">INTEGRANTE<\/h2>\t\t\t\t<\/div>\n\t\t<div class=\"elementor-element elementor-element-b75dcdb e-con-full e-flex e-con e-child\" data-id=\"b75dcdb\" data-element_type=\"container\">\n\t\t\t\t<div class=\"elementor-element elementor-element-2c75b55 eael-team-align-centered elementor-widget__width-initial elementor-widget elementor-widget-eael-team-member\" data-id=\"2c75b55\" data-element_type=\"widget\" data-widget_type=\"eael-team-member.default\">\n\t\t\t\t\t\n\n\t<div id=\"eael-team-member-2c75b55\" class=\"eael-team-item eael-team-members-simple team-avatar-rounded\">\n\t\t<div class=\"eael-team-item-inner\">\n\t\t\t<div class=\"eael-team-image\">\n\t\t\t\t<figure>\n\t\t\t\t\t\t\t\t\t\t<img decoding=\"async\" src=\"https:\/\/ege.exactas.uba.ar\/wp-content\/uploads\/elementor\/thumbs\/logo-mini-250X250-e1757987013995-rejt8ga26mjt8zld7er1ewdmrju429g20urklauth4.png\" alt=\"Logo Mini EGE IEGEBA\">\n\t\t\t\t\t\t\t\t\t<\/figure>\n\t\t\t\t\n\t\t\t\t\n\t\t\t<\/div>\n\n\t\t\t<div class=\"eael-team-content\">\n\t\t\t\t<h2 class=\"eael-team-member-name\">G\u00d3MEZ CENDRA, PAULA<\/h2><h3 class=\"eael-team-member-position\">Dr. en Ciencias Biol\u00f3gicas, JTP FCEN-UBA e Investigadora asistente CONICET<\/h3>\n\t\t\t\t\t\t\t\t\t\t\t\t\t\t\t<ul class=\"eael-team-member-social-profiles\">\n\t\t\t\t\t\t\t\t\t\t\t\t\t\t\t\t\t\t\t\t\t\t\t\t\t\t\t\t\t\t\t\t\t\t\t\t\t\t\t\t\t<li class=\"eael-team-member-social-link\">\n\t\t\t\t\t\t\t\t\t\t<a href=\"mailto:paugomez@ege.fcen.uba.ar\" target=\"_blank\">\n\t\t\t\t\t\t\t\t\t\t\t\t\t\t\t\t\t\t\t\t\t\t\t<svg aria-hidden=\"true\" class=\"e-font-icon-svg e-fas-envelope\" viewBox=\"0 0 512 512\" xmlns=\"http:\/\/www.w3.org\/2000\/svg\"><path d=\"M502.3 190.8c3.9-3.1 9.7-.2 9.7 4.7V400c0 26.5-21.5 48-48 48H48c-26.5 0-48-21.5-48-48V195.6c0-5 5.7-7.8 9.7-4.7 22.4 17.4 52.1 39.5 154.1 113.6 21.1 15.4 56.7 47.8 92.2 47.6 35.7.3 72-32.8 92.3-47.6 102-74.1 131.6-96.3 154-113.7zM256 320c23.2.4 56.6-29.2 73.4-41.4 132.7-96.3 142.8-104.7 173.4-128.7 5.8-4.5 9.2-11.5 9.2-18.9v-19c0-26.5-21.5-48-48-48H48C21.5 64 0 85.5 0 112v19c0 7.4 3.4 14.3 9.2 18.9 30.6 23.9 40.7 32.4 173.4 128.7 16.8 12.2 50.2 41.8 73.4 41.4z\"><\/path><\/svg>\t\t\t\t\t\t\t\t\t\t\t\t\t\t\t\t\t\t\t\t\t<\/a>\n\t\t\t\t\t\t\t\t\t<\/li>\n\t\t\t\t\t\t\t\t\t\t\t\t\t\t\t\t\t\t\t\t\t\t\t\t\t\t\t\t\t\t\t\t\t\t\t\t\t\t\t\t\t\t\t\t\t\t\t\t\t<li class=\"eael-team-member-social-link\">\n\t\t\t\t\t\t\t\t\t\t<a href=\"https:\/\/orcid.org\/0000-0003-3158-323X\" target=\"_blank\">\n\t\t\t\t\t\t\t\t\t\t\t\t\t\t\t\t\t\t\t\t\t\t\t<svg aria-hidden=\"true\" class=\"e-font-icon-svg e-fab-orcid\" viewBox=\"0 0 512 512\" xmlns=\"http:\/\/www.w3.org\/2000\/svg\"><path d=\"M294.75 188.19h-45.92V342h47.47c67.62 0 83.12-51.34 83.12-76.91 0-41.64-26.54-76.9-84.67-76.9zM256 8C119 8 8 119 8 256s111 248 248 248 248-111 248-248S393 8 256 8zm-80.79 360.76h-29.84v-207.5h29.84zm-14.92-231.14a19.57 19.57 0 1 1 19.57-19.57 19.64 19.64 0 0 1-19.57 19.57zM300 369h-81V161.26h80.6c76.73 0 110.44 54.83 110.44 103.85C410 318.39 368.38 369 300 369z\"><\/path><\/svg>\t\t\t\t\t\t\t\t\t\t\t\t\t\t\t\t\t\t\t\t\t<\/a>\n\t\t\t\t\t\t\t\t\t<\/li>\n\t\t\t\t\t\t\t\t\t\t\t\t\t\t\t\t\t\t\t\t\t<\/ul>\n\t\t\t\t\t\t\t\t\t\t<p class=\"eael-team-text\">FCEN - UBA<\/p>\n\t\t\t\t\t\t\t<\/div>\n\t\t<\/div>\n\t<\/div>\n\t\t\t\t\t<\/div>\n\t\t\t\t<\/div>\n\t\t\t\t<\/div>\n\t\t\t\t\t<\/div>\n\t\t\t\t<\/div>\n\t\t<div class=\"elementor-element elementor-element-b1da6a9 e-con-full e-flex e-con e-parent\" data-id=\"b1da6a9\" data-element_type=\"container\" data-settings=\"{&quot;background_background&quot;:&quot;classic&quot;}\">\n\t\t<div class=\"elementor-element elementor-element-93cd8e3 e-con-full e-flex e-con e-child\" data-id=\"93cd8e3\" data-element_type=\"container\" data-settings=\"{&quot;background_background&quot;:&quot;classic&quot;}\">\n\t\t\t\t<div class=\"elementor-element elementor-element-74b9f0a elementor-widget elementor-widget-heading\" data-id=\"74b9f0a\" data-element_type=\"widget\" data-widget_type=\"heading.default\">\n\t\t\t\t\t<h2 class=\"elementor-heading-title elementor-size-default\">DIRECCI\u00d3N Y CONTACTO<\/h2>\t\t\t\t<\/div>\n\t\t\t\t<div class=\"elementor-element elementor-element-880266d elementor-widget-divider--view-line_icon elementor-view-default elementor-widget-divider--element-align-center elementor-widget elementor-widget-divider\" data-id=\"880266d\" data-element_type=\"widget\" data-widget_type=\"divider.default\">\n\t\t\t\t\t\t\t<div class=\"elementor-divider\">\n\t\t\t<span class=\"elementor-divider-separator\">\n\t\t\t\t\t\t\t<div class=\"elementor-icon elementor-divider__element\">\n\t\t\t\t\t<svg aria-hidden=\"true\" class=\"e-font-icon-svg e-fas-street-view\" viewBox=\"0 0 512 512\" xmlns=\"http:\/\/www.w3.org\/2000\/svg\"><path d=\"M367.9 329.76c-4.62 5.3-9.78 10.1-15.9 13.65v22.94c66.52 9.34 112 28.05 112 49.65 0 30.93-93.12 56-208 56S48 446.93 48 416c0-21.6 45.48-40.3 112-49.65v-22.94c-6.12-3.55-11.28-8.35-15.9-13.65C58.87 345.34 0 378.05 0 416c0 53.02 114.62 96 256 96s256-42.98 256-96c0-37.95-58.87-70.66-144.1-86.24zM256 128c35.35 0 64-28.65 64-64S291.35 0 256 0s-64 28.65-64 64 28.65 64 64 64zm-64 192v96c0 17.67 14.33 32 32 32h64c17.67 0 32-14.33 32-32v-96c17.67 0 32-14.33 32-32v-96c0-26.51-21.49-48-48-48h-11.8c-11.07 5.03-23.26 8-36.2 8s-25.13-2.97-36.2-8H208c-26.51 0-48 21.49-48 48v96c0 17.67 14.33 32 32 32z\"><\/path><\/svg><\/div>\n\t\t\t\t\t\t<\/span>\n\t\t<\/div>\n\t\t\t\t\t\t<\/div>\n\t\t\t\t<div class=\"elementor-element elementor-element-7cbf490 elementor-widget elementor-widget-text-editor\" data-id=\"7cbf490\" data-element_type=\"widget\" data-widget_type=\"text-editor.default\">\n\t\t\t\t\t\t\t\t\t<ul><li>Laboratorio 105<\/li><li>4\u00b0 Piso &#8211; Pabell\u00f3n 2<\/li><li>Facultad de Ciencias Exactas y Naturales<\/li><li>Universidad de Buenos Aires<\/li><li>CABA &#8211; Bs. As. &#8211; Argentina<\/li><\/ul>\t\t\t\t\t\t\t\t<\/div>\n\t\t\t\t<\/div>\n\t\t<div class=\"elementor-element elementor-element-ec0d1b4 e-con-full e-flex e-con e-child\" data-id=\"ec0d1b4\" data-element_type=\"container\">\n\t\t\t\t<div class=\"elementor-element elementor-element-91f81fc elementor-widget elementor-widget-image\" data-id=\"91f81fc\" data-element_type=\"widget\" data-widget_type=\"image.default\">\n\t\t\t\t\t\t\t\t\t\t\t\t\t\t\t<img fetchpriority=\"high\" decoding=\"async\" width=\"800\" height=\"318\" src=\"https:\/\/ege.exactas.uba.ar\/wp-content\/uploads\/2025\/09\/frante-bandera-1024x407.jpg\" class=\"attachment-large size-large wp-image-302\" alt=\"\" srcset=\"https:\/\/ege.exactas.uba.ar\/wp-content\/uploads\/2025\/09\/frante-bandera-1024x407.jpg 1024w, https:\/\/ege.exactas.uba.ar\/wp-content\/uploads\/2025\/09\/frante-bandera-300x119.jpg 300w, https:\/\/ege.exactas.uba.ar\/wp-content\/uploads\/2025\/09\/frante-bandera-768x305.jpg 768w, https:\/\/ege.exactas.uba.ar\/wp-content\/uploads\/2025\/09\/frante-bandera.jpg 1207w\" sizes=\"(max-width: 800px) 100vw, 800px\" \/>\t\t\t\t\t\t\t\t\t\t\t\t\t\t\t<\/div>\n\t\t\t\t<\/div>\n\t\t\t\t<\/div>\n\t\t<div class=\"elementor-element elementor-element-38122f5 e-flex e-con-boxed e-con e-parent\" data-id=\"38122f5\" data-element_type=\"container\">\n\t\t\t\t\t<div class=\"e-con-inner\">\n\t\t<div class=\"elementor-element elementor-element-87a3350 e-con-full e-flex e-con e-child\" data-id=\"87a3350\" data-element_type=\"container\">\n\t\t\t\t<div class=\"elementor-element elementor-element-c56b306 elementor-widget elementor-widget-image\" data-id=\"c56b306\" data-element_type=\"widget\" data-widget_type=\"image.default\">\n\t\t\t\t\t\t\t\t\t\t\t\t\t\t\t<img loading=\"lazy\" decoding=\"async\" width=\"551\" height=\"225\" src=\"https:\/\/ege.exactas.uba.ar\/wp-content\/uploads\/2025\/09\/IEGEBA-UBA-CONICET-logo2023.jpg\" class=\"attachment-large size-large wp-image-104\" alt=\"\" srcset=\"https:\/\/ege.exactas.uba.ar\/wp-content\/uploads\/2025\/09\/IEGEBA-UBA-CONICET-logo2023.jpg 551w, https:\/\/ege.exactas.uba.ar\/wp-content\/uploads\/2025\/09\/IEGEBA-UBA-CONICET-logo2023-300x123.jpg 300w\" sizes=\"(max-width: 551px) 100vw, 551px\" \/>\t\t\t\t\t\t\t\t\t\t\t\t\t\t\t<\/div>\n\t\t\t\t<\/div>\n\t\t\t\t\t<\/div>\n\t\t\t\t<\/div>\n\t\t\t\t<\/div>\n\t\t","protected":false},"excerpt":{"rendered":"<p>GPA Gen\u00e9tica de poblaciones aplicada L\u00cdNEA DE INVESTIGACI\u00d3N GENERAL Estudios gen\u00e9tico-poblacionales en especies colonizadoras de importancia econ\u00f3mica. L\u00cdNEAS DE INVESTIGACI\u00d3N GENERALES GEN\u00c9TICA DE POBLACIONES. INVESTIGADOR RESPONSABLE Vilardi, Juan Dr. en Ciencias Biol\u00f3gicas, Profesor EGE-UBA e Investigador Principal CONICET FCEN &#8211; UBA INTEGRANTE G\u00d3MEZ CENDRA, PAULA Dr. en Ciencias Biol\u00f3gicas, JTP FCEN-UBA e Investigadora asistente CONICET [&hellip;]<\/p>\n","protected":false},"author":1,"featured_media":0,"parent":0,"menu_order":0,"comment_status":"closed","ping_status":"closed","template":"","meta":{"footnotes":""},"class_list":["post-12104","page","type-page","status-publish","hentry"],"_links":{"self":[{"href":"https:\/\/ege.exactas.uba.ar\/index.php\/wp-json\/wp\/v2\/pages\/12104","targetHints":{"allow":["GET"]}}],"collection":[{"href":"https:\/\/ege.exactas.uba.ar\/index.php\/wp-json\/wp\/v2\/pages"}],"about":[{"href":"https:\/\/ege.exactas.uba.ar\/index.php\/wp-json\/wp\/v2\/types\/page"}],"author":[{"embeddable":true,"href":"https:\/\/ege.exactas.uba.ar\/index.php\/wp-json\/wp\/v2\/users\/1"}],"replies":[{"embeddable":true,"href":"https:\/\/ege.exactas.uba.ar\/index.php\/wp-json\/wp\/v2\/comments?post=12104"}],"version-history":[{"count":7,"href":"https:\/\/ege.exactas.uba.ar\/index.php\/wp-json\/wp\/v2\/pages\/12104\/revisions"}],"predecessor-version":[{"id":13618,"href":"https:\/\/ege.exactas.uba.ar\/index.php\/wp-json\/wp\/v2\/pages\/12104\/revisions\/13618"}],"wp:attachment":[{"href":"https:\/\/ege.exactas.uba.ar\/index.php\/wp-json\/wp\/v2\/media?parent=12104"}],"curies":[{"name":"wp","href":"https:\/\/api.w.org\/{rel}","templated":true}]}}