{"id":11828,"date":"2025-10-08T00:03:25","date_gmt":"2025-10-08T03:03:25","guid":{"rendered":"https:\/\/test.ege.fcen.uba.ar\/?page_id=11828"},"modified":"2025-11-19T15:35:20","modified_gmt":"2025-11-19T18:35:20","slug":"genetica-y-ecologia-molecular","status":"publish","type":"page","link":"https:\/\/ege.exactas.uba.ar\/index.php\/materias-de-grado-3\/genetica-y-ecologia-molecular\/","title":{"rendered":"Gen\u00e9tica y ecolog\u00eda molecular"},"content":{"rendered":"\t\t<div data-elementor-type=\"wp-page\" data-elementor-id=\"11828\" class=\"elementor elementor-11828\">\n\t\t\t\t<div class=\"elementor-element elementor-element-cd1f0fa e-flex e-con-boxed e-con e-parent\" data-id=\"cd1f0fa\" data-element_type=\"container\">\n\t\t\t\t\t<div class=\"e-con-inner\">\n\t\t\t\t\t<\/div>\n\t\t\t\t<\/div>\n\t\t<div class=\"elementor-element elementor-element-115e09a e-con-full e-flex e-con e-parent\" data-id=\"115e09a\" data-element_type=\"container\" data-settings=\"{&quot;background_background&quot;:&quot;slideshow&quot;,&quot;background_slideshow_gallery&quot;:[{&quot;id&quot;:305,&quot;url&quot;:&quot;https:\\\/\\\/ege.exactas.uba.ar\\\/wp-content\\\/uploads\\\/2025\\\/09\\\/Wallpaper-Exactas-7.jpg&quot;},{&quot;id&quot;:129,&quot;url&quot;:&quot;https:\\\/\\\/ege.exactas.uba.ar\\\/wp-content\\\/uploads\\\/2025\\\/09\\\/Wallpaper-Exactas-15.jpg&quot;},{&quot;id&quot;:128,&quot;url&quot;:&quot;https:\\\/\\\/ege.exactas.uba.ar\\\/wp-content\\\/uploads\\\/2025\\\/09\\\/Wallpaper-Exactas-13.jpg&quot;}],&quot;background_slideshow_slide_duration&quot;:6000,&quot;background_slideshow_transition_duration&quot;:1500,&quot;background_slideshow_lazyload&quot;:&quot;yes&quot;,&quot;background_slideshow_ken_burns&quot;:&quot;yes&quot;,&quot;background_slideshow_ken_burns_zoom_direction&quot;:&quot;out&quot;,&quot;background_slideshow_loop&quot;:&quot;yes&quot;,&quot;background_slideshow_slide_transition&quot;:&quot;fade&quot;}\">\n\t\t<div class=\"elementor-element elementor-element-06fc869 e-flex e-con-boxed e-con e-child\" data-id=\"06fc869\" data-element_type=\"container\">\n\t\t\t\t\t<div class=\"e-con-inner\">\n\t\t\t\t<div class=\"elementor-element elementor-element-402bfaa elementor-widget__width-initial elementor-widget elementor-widget-heading\" data-id=\"402bfaa\" data-element_type=\"widget\" data-widget_type=\"heading.default\">\n\t\t\t\t\t<h1 class=\"elementor-heading-title elementor-size-default\">Gen\u00e9tica y ecolog\u00eda molecular<\/h1>\t\t\t\t<\/div>\n\t\t\t\t<div class=\"elementor-element elementor-element-dd74e93 elementor-widget elementor-widget-text-editor\" data-id=\"dd74e93\" data-element_type=\"widget\" data-widget_type=\"text-editor.default\">\n\t\t\t\t\t\t\t\t\t<p>Ciclo superior &#8211; 2\u00ba Cuatrimestre<\/p>\t\t\t\t\t\t\t\t<\/div>\n\t\t\t\t\t<\/div>\n\t\t\t\t<\/div>\n\t\t<div class=\"elementor-element elementor-element-81ff483 e-con-full e-flex e-con e-child\" data-id=\"81ff483\" data-element_type=\"container\">\n\t\t<div class=\"elementor-element elementor-element-c73933f e-con-full elementor-hidden-tablet elementor-hidden-mobile e-flex e-con e-child\" data-id=\"c73933f\" data-element_type=\"container\">\n\t\t\t\t<div class=\"elementor-element elementor-element-fcf9250 elementor-widget elementor-widget-image\" data-id=\"fcf9250\" data-element_type=\"widget\" data-widget_type=\"image.default\">\n\t\t\t\t\t\t\t\t\t\t\t\t\t\t\t<img decoding=\"async\" width=\"150\" height=\"150\" src=\"https:\/\/ege.exactas.uba.ar\/wp-content\/uploads\/2025\/09\/logo-mini-250X250-e1757987013995-150x150.png\" class=\"attachment-thumbnail size-thumbnail wp-image-16\" alt=\"Logo Mini EGE IEGEBA\" \/>\t\t\t\t\t\t\t\t\t\t\t\t\t\t\t<\/div>\n\t\t\t\t<\/div>\n\t\t\t\t<\/div>\n\t\t\t\t<\/div>\n\t\t<div class=\"elementor-element elementor-element-4cc66ef e-con-full e-flex e-con e-parent\" data-id=\"4cc66ef\" data-element_type=\"container\">\n\t\t<div class=\"elementor-element elementor-element-c808792 e-con-full e-flex e-con e-child\" data-id=\"c808792\" data-element_type=\"container\">\n\t\t\t\t<div class=\"elementor-element elementor-element-05cbe1f elementor-widget elementor-widget-heading\" data-id=\"05cbe1f\" data-element_type=\"widget\" data-widget_type=\"heading.default\">\n\t\t\t\t\t<h2 class=\"elementor-heading-title elementor-size-default\">Gen\u00e9tica y ecolog\u00eda molecular<\/h2>\t\t\t\t<\/div>\n\t\t\t\t<div class=\"elementor-element elementor-element-b7a081e elementor-widget-divider--view-line elementor-widget elementor-widget-divider\" data-id=\"b7a081e\" data-element_type=\"widget\" data-widget_type=\"divider.default\">\n\t\t\t\t\t\t\t<div class=\"elementor-divider\">\n\t\t\t<span class=\"elementor-divider-separator\">\n\t\t\t\t\t\t<\/span>\n\t\t<\/div>\n\t\t\t\t\t\t<\/div>\n\t\t\t\t<div class=\"elementor-element elementor-element-ce14589 elementor-widget elementor-widget-text-editor\" data-id=\"ce14589\" data-element_type=\"widget\" data-widget_type=\"text-editor.default\">\n\t\t\t\t\t\t\t\t\t<p>El objetivo de Gen\u00e9tica y Ecolog\u00eda Molecular es aprender a utilizar las herramientas que nos brindan la Gen\u00e9tica y la Teor\u00eda Evolutiva para responder preguntas Ecol\u00f3gicas. \u00bfCu\u00e1les son las caracter\u00edsticas \u00f3ptimas del paisaje para la dispersi\u00f3n de las especies?\u00bfUna especie socialmente mon\u00f3gama es siempre gen\u00e9ticamente mon\u00f3gama? \u00bfEs posible conocer la epidemiolog\u00eda de un virus? \u00bfEs posible conocer a partir de muestras de agua la compleja din\u00e1mica de los ecosistemas?<\/p>\t\t\t\t\t\t\t\t<\/div>\n\t\t\t\t<div class=\"elementor-element elementor-element-e33fda1 elementor-widget elementor-widget-spacer\" data-id=\"e33fda1\" data-element_type=\"widget\" data-widget_type=\"spacer.default\">\n\t\t\t\t\t\t\t<div class=\"elementor-spacer\">\n\t\t\t<div class=\"elementor-spacer-inner\"><\/div>\n\t\t<\/div>\n\t\t\t\t\t\t<\/div>\n\t\t\t\t<div class=\"elementor-element elementor-element-6652350 elementor-widget elementor-widget-heading\" data-id=\"6652350\" data-element_type=\"widget\" data-widget_type=\"heading.default\">\n\t\t\t\t\t<h2 class=\"elementor-heading-title elementor-size-default\">Contenidos m\u00ednimos<\/h2>\t\t\t\t<\/div>\n\t\t\t\t<div class=\"elementor-element elementor-element-2ca9f50 elementor-widget elementor-widget-text-editor\" data-id=\"2ca9f50\" data-element_type=\"widget\" data-widget_type=\"text-editor.default\">\n\t\t\t\t\t\t\t\t\t<p>Gen\u00e9tica del paisaje: Marcadores moleculares utilizados en Gen\u00e9tica del Paisaje. An\u00e1lisis Molecular de la varianza. Flujo G\u00e9nico y Dispersi\u00f3n. M\u00e9todos de agrupamientos Bayesianos. M\u00e9todos de Autocorrelaci\u00f3n Espacial y de lnterpolaci\u00f3n Espacial. Gen\u00e9tica del Comportamiento. M\u00e9todos gen\u00e9ticos utilizados en ecolog\u00eda del comportamiento para determinar sistemas sociales de apareamiento, elecci\u00f3n de la pareja, parasitismo de cr\u00eda, cr\u00eda cooperativa, selecci\u00f3n de parentesco, dispersi\u00f3n y territorialismo. An\u00e1lisis filogeogr\u00e1fico. Marcadores moleculares utilizados en filogeograf\u00eda. arboles coalescentes y \u00e1rboles filogen\u00e9ticos. La coalescencia b\u00e1sica. Extensiones de las coalescencia b\u00e1sica. M\u00e9todos que aplican la teor\u00eda coalescente. Aplicaciones del an\u00e1lisis filogeogr\u00e1fico. Gen\u00e9tica de la Conservaci\u00f3n: Unidades Evolutivas Significativas. DNA barcoding. Depresi\u00f3n por endogamia y por exogamia. incertidumbres taxon\u00f3micas. M\u00e9todos colaescentes aplicados al descubrimiento de especies criticas. Manejo gen\u00e9tico de poblaciones salvajes. Ecogen\u00f3mica. Mecanismos gen\u00e9ticos de las adaptaciones inferidos a partir del estudio de los genomas, transcriptomas, proteomas. ADN ambiental y sus aplicaciones en ecolog\u00eda. Genotipado por re-secuenciaci\u00f3n y sus aplicaciones en gen\u00f3mica poblacional.<\/p>\t\t\t\t\t\t\t\t<\/div>\n\t\t\t\t<\/div>\n\t\t<div class=\"elementor-element elementor-element-b37db46 e-con-full e-flex e-con e-child\" data-id=\"b37db46\" data-element_type=\"container\" data-settings=\"{&quot;background_background&quot;:&quot;gradient&quot;}\">\n\t\t\t\t<div class=\"elementor-element elementor-element-10c55c7 elementor-widget__width-initial elementor-widget elementor-widget-text-editor\" data-id=\"10c55c7\" data-element_type=\"widget\" data-widget_type=\"text-editor.default\">\n\t\t\t\t\t\t\t\t\t<p>HORARIOS<\/p>\t\t\t\t\t\t\t\t<\/div>\n\t\t\t\t<div class=\"elementor-element elementor-element-e878ace elementor-widget elementor-widget-heading\" data-id=\"e878ace\" data-element_type=\"widget\" data-widget_type=\"heading.default\">\n\t\t\t\t\t<h2 class=\"elementor-heading-title elementor-size-default\">Clases te\u00f3ricas<\/h2>\t\t\t\t<\/div>\n\t\t\t\t<div class=\"elementor-element elementor-element-310e206 elementor-widget elementor-widget-text-editor\" data-id=\"310e206\" data-element_type=\"widget\" data-widget_type=\"text-editor.default\">\n\t\t\t\t\t\t\t\t\t<p>Lunes y jueves de 17:30 a 19:30 hs.<\/p>\t\t\t\t\t\t\t\t<\/div>\n\t\t\t\t<div class=\"elementor-element elementor-element-83330c1 elementor-widget elementor-widget-heading\" data-id=\"83330c1\" data-element_type=\"widget\" data-widget_type=\"heading.default\">\n\t\t\t\t\t<h2 class=\"elementor-heading-title elementor-size-default\">TPs y seminarios<\/h2>\t\t\t\t<\/div>\n\t\t\t\t<div class=\"elementor-element elementor-element-15d4862 elementor-widget elementor-widget-text-editor\" data-id=\"15d4862\" data-element_type=\"widget\" data-widget_type=\"text-editor.default\">\n\t\t\t\t\t\t\t\t\t<p>Lunes y jueves de 14 a 17 hs.<\/p>\t\t\t\t\t\t\t\t<\/div>\n\t\t\t\t<div class=\"elementor-element elementor-element-2b02e15 elementor-widget-divider--view-line elementor-widget elementor-widget-divider\" data-id=\"2b02e15\" data-element_type=\"widget\" data-widget_type=\"divider.default\">\n\t\t\t\t\t\t\t<div class=\"elementor-divider\">\n\t\t\t<span class=\"elementor-divider-separator\">\n\t\t\t\t\t\t<\/span>\n\t\t<\/div>\n\t\t\t\t\t\t<\/div>\n\t\t\t\t<div class=\"elementor-element elementor-element-1d5e635 elementor-widget elementor-widget-heading\" data-id=\"1d5e635\" data-element_type=\"widget\" data-widget_type=\"heading.default\">\n\t\t\t\t\t<h2 class=\"elementor-heading-title elementor-size-default\">Correlativas<\/h2>\t\t\t\t<\/div>\n\t\t\t\t<div class=\"elementor-element elementor-element-2ee21aa elementor-widget elementor-widget-text-editor\" data-id=\"2ee21aa\" data-element_type=\"widget\" data-widget_type=\"text-editor.default\">\n\t\t\t\t\t\t\t\t\t<ul><li>Gen\u00e9tica<\/li><\/ul>\t\t\t\t\t\t\t\t<\/div>\n\t\t\t\t<div class=\"elementor-element elementor-element-570d126 elementor-widget-divider--view-line elementor-widget elementor-widget-divider\" data-id=\"570d126\" data-element_type=\"widget\" data-widget_type=\"divider.default\">\n\t\t\t\t\t\t\t<div class=\"elementor-divider\">\n\t\t\t<span class=\"elementor-divider-separator\">\n\t\t\t\t\t\t<\/span>\n\t\t<\/div>\n\t\t\t\t\t\t<\/div>\n\t\t\t\t<div class=\"elementor-element elementor-element-95fd5ca elementor-widget elementor-widget-heading\" data-id=\"95fd5ca\" data-element_type=\"widget\" data-widget_type=\"heading.default\">\n\t\t\t\t\t<h2 class=\"elementor-heading-title elementor-size-default\">Profesora<\/h2>\t\t\t\t<\/div>\n\t\t\t\t<div class=\"elementor-element elementor-element-849a6fe elementor-widget elementor-widget-text-editor\" data-id=\"849a6fe\" data-element_type=\"widget\" data-widget_type=\"text-editor.default\">\n\t\t\t\t\t\t\t\t\t<ul><li>Viviana Confalonieri<\/li><\/ul>\t\t\t\t\t\t\t\t<\/div>\n\t\t\t\t<div class=\"elementor-element elementor-element-f21c881 elementor-widget elementor-widget-heading\" data-id=\"f21c881\" data-element_type=\"widget\" data-widget_type=\"heading.default\">\n\t\t\t\t\t<h2 class=\"elementor-heading-title elementor-size-default\">Docentes Auxiliares<\/h2>\t\t\t\t<\/div>\n\t\t\t\t<div class=\"elementor-element elementor-element-d7d1b1a elementor-widget elementor-widget-text-editor\" data-id=\"d7d1b1a\" data-element_type=\"widget\" data-widget_type=\"text-editor.default\">\n\t\t\t\t\t\t\t\t\t<ul><li>Marcela Rodriguero<\/li><li>Pablo Fracas<\/li><\/ul>\t\t\t\t\t\t\t\t<\/div>\n\t\t\t\t<div class=\"elementor-element elementor-element-64578df elementor-align-center elementor-widget elementor-widget-button\" data-id=\"64578df\" data-element_type=\"widget\" data-widget_type=\"button.default\">\n\t\t\t\t\t\t\t\t\t\t<a class=\"elementor-button elementor-button-link elementor-size-sm\" href=\"https:\/\/inscripciones.exactas.uba.ar\/autogestion\/\" target=\"_blank\">\n\t\t\t\t\t\t<span class=\"elementor-button-content-wrapper\">\n\t\t\t\t\t\t<span class=\"elementor-button-icon\">\n\t\t\t\t<svg aria-hidden=\"true\" class=\"e-font-icon-svg e-fas-external-link-alt\" viewBox=\"0 0 512 512\" xmlns=\"http:\/\/www.w3.org\/2000\/svg\"><path d=\"M432,320H400a16,16,0,0,0-16,16V448H64V128H208a16,16,0,0,0,16-16V80a16,16,0,0,0-16-16H48A48,48,0,0,0,0,112V464a48,48,0,0,0,48,48H400a48,48,0,0,0,48-48V336A16,16,0,0,0,432,320ZM488,0h-128c-21.37,0-32.05,25.91-17,41l35.73,35.73L135,320.37a24,24,0,0,0,0,34L157.67,377a24,24,0,0,0,34,0L435.28,133.32,471,169c15,15,41,4.5,41-17V24A24,24,0,0,0,488,0Z\"><\/path><\/svg>\t\t\t<\/span>\n\t\t\t\t\t\t\t\t\t<span class=\"elementor-button-text\">INSCRIBIRME<\/span>\n\t\t\t\t\t<\/span>\n\t\t\t\t\t<\/a>\n\t\t\t\t\t\t\t\t<\/div>\n\t\t\t\t<\/div>\n\t\t\t\t<\/div>\n\t\t<div class=\"elementor-element elementor-element-bb05eda e-flex e-con-boxed e-con e-parent\" data-id=\"bb05eda\" data-element_type=\"container\">\n\t\t\t\t\t<div class=\"e-con-inner\">\n\t\t<div class=\"elementor-element elementor-element-ddb4a2b e-con-full e-flex e-con e-child\" data-id=\"ddb4a2b\" data-element_type=\"container\">\n\t\t\t\t<div class=\"elementor-element elementor-element-4732def elementor-widget elementor-widget-heading\" data-id=\"4732def\" data-element_type=\"widget\" data-widget_type=\"heading.default\">\n\t\t\t\t\t<h2 class=\"elementor-heading-title elementor-size-default\">Profesora de \"Gen\u00e9tica y ecolog\u00eda molecular\"<\/h2>\t\t\t\t<\/div>\n\t\t<div class=\"elementor-element elementor-element-1fcc6d2 e-con-full e-flex e-con e-child\" data-id=\"1fcc6d2\" data-element_type=\"container\">\n\t\t\t\t<div class=\"elementor-element elementor-element-79b0be4 eael-team-align-centered elementor-widget__width-initial elementor-widget elementor-widget-eael-team-member\" data-id=\"79b0be4\" data-element_type=\"widget\" data-widget_type=\"eael-team-member.default\">\n\t\t\t\t\t\n\n\t<div id=\"eael-team-member-79b0be4\" class=\"eael-team-item eael-team-members-simple team-avatar-rounded\">\n\t\t<div class=\"eael-team-item-inner\">\n\t\t\t<div class=\"eael-team-image\">\n\t\t\t\t<figure>\n\t\t\t\t\t\t\t\t\t\t<img decoding=\"async\" src=\"https:\/\/ege.exactas.uba.ar\/wp-content\/uploads\/elementor\/thumbs\/confalonieri-rejt8shynh0jfx3m8216tbamhk5vubskej8vtwcp88.jpg\" alt=\"\">\n\t\t\t\t\t\t\t\t\t<\/figure>\n\t\t\t\t\n\t\t\t\t\n\t\t\t<\/div>\n\n\t\t\t<div class=\"eael-team-content\">\n\t\t\t\t<h2 class=\"eael-team-member-name\">CONFALONIERI, VIVIANA ANDREA<\/h2><h3 class=\"eael-team-member-position\">Investigadora Principal CONICET, Profesora Titular EGE-FCEN  y Dra. en Ciencias Biol\u00f3gicas<\/h3>\n\t\t\t\t\t\t\t\t\t\t\t\t\t\t\t<ul class=\"eael-team-member-social-profiles\">\n\t\t\t\t\t\t\t\t\t\t\t\t\t\t\t\t\t\t\t\t\t\t\t\t\t\t\t\t\t\t\t\t\t\t\t\t\t\t\t\t\t<li class=\"eael-team-member-social-link\">\n\t\t\t\t\t\t\t\t\t\t<a href=\"mailto:ehasson@ege.fcen.uba.ar\" target=\"_blank\">\n\t\t\t\t\t\t\t\t\t\t\t\t\t\t\t\t\t\t\t\t\t\t\t<svg aria-hidden=\"true\" class=\"e-font-icon-svg e-fas-envelope\" viewBox=\"0 0 512 512\" xmlns=\"http:\/\/www.w3.org\/2000\/svg\"><path d=\"M502.3 190.8c3.9-3.1 9.7-.2 9.7 4.7V400c0 26.5-21.5 48-48 48H48c-26.5 0-48-21.5-48-48V195.6c0-5 5.7-7.8 9.7-4.7 22.4 17.4 52.1 39.5 154.1 113.6 21.1 15.4 56.7 47.8 92.2 47.6 35.7.3 72-32.8 92.3-47.6 102-74.1 131.6-96.3 154-113.7zM256 320c23.2.4 56.6-29.2 73.4-41.4 132.7-96.3 142.8-104.7 173.4-128.7 5.8-4.5 9.2-11.5 9.2-18.9v-19c0-26.5-21.5-48-48-48H48C21.5 64 0 85.5 0 112v19c0 7.4 3.4 14.3 9.2 18.9 30.6 23.9 40.7 32.4 173.4 128.7 16.8 12.2 50.2 41.8 73.4 41.4z\"><\/path><\/svg>\t\t\t\t\t\t\t\t\t\t\t\t\t\t\t\t\t\t\t\t\t<\/a>\n\t\t\t\t\t\t\t\t\t<\/li>\n\t\t\t\t\t\t\t\t\t\t\t\t\t\t\t\t\t\t\t\t\t\t\t\t\t\t\t\t\t\t\t\t\t\t\t\t\t\t\t\t\t\t\t\t\t\t\t\t\t<li class=\"eael-team-member-social-link\">\n\t\t\t\t\t\t\t\t\t\t<a href=\"https:\/\/www.researchgate.net\/profile\/Esteban-Hasson-2\" target=\"_blank\">\n\t\t\t\t\t\t\t\t\t\t\t\t\t\t\t\t\t\t\t\t\t\t\t<svg aria-hidden=\"true\" class=\"e-font-icon-svg e-fab-researchgate\" viewBox=\"0 0 448 512\" xmlns=\"http:\/\/www.w3.org\/2000\/svg\"><path d=\"M0 32v448h448V32H0zm262.2 334.4c-6.6 3-33.2 6-50-14.2-9.2-10.6-25.3-33.3-42.2-63.6-8.9 0-14.7 0-21.4-.6v46.4c0 23.5 6 21.2 25.8 23.9v8.1c-6.9-.3-23.1-.8-35.6-.8-13.1 0-26.1.6-33.6.8v-8.1c15.5-2.9 22-1.3 22-23.9V225c0-22.6-6.4-21-22-23.9V193c25.8 1 53.1-.6 70.9-.6 31.7 0 55.9 14.4 55.9 45.6 0 21.1-16.7 42.2-39.2 47.5 13.6 24.2 30 45.6 42.2 58.9 7.2 7.8 17.2 14.7 27.2 14.7v7.3zm22.9-135c-23.3 0-32.2-15.7-32.2-32.2V167c0-12.2 8.8-30.4 34-30.4s30.4 17.9 30.4 17.9l-10.7 7.2s-5.5-12.5-19.7-12.5c-7.9 0-19.7 7.3-19.7 19.7v26.8c0 13.4 6.6 23.3 17.9 23.3 14.1 0 21.5-10.9 21.5-26.8h-17.9v-10.7h30.4c0 20.5 4.7 49.9-34 49.9zm-116.5 44.7c-9.4 0-13.6-.3-20-.8v-69.7c6.4-.6 15-.6 22.5-.6 23.3 0 37.2 12.2 37.2 34.5 0 21.9-15 36.6-39.7 36.6z\"><\/path><\/svg>\t\t\t\t\t\t\t\t\t\t\t\t\t\t\t\t\t\t\t\t\t<\/a>\n\t\t\t\t\t\t\t\t\t<\/li>\n\t\t\t\t\t\t\t\t\t\t\t\t\t\t\t\t\t\t\t\t\t\t\t\t\t\t\t\t\t\t\t\t\t\t\t\t\t\t\t\t\t\t\t\t\t\t\t\t\t<li class=\"eael-team-member-social-link\">\n\t\t\t\t\t\t\t\t\t\t<a href=\"https:\/\/orcid.org\/0000-0003-4499-9816\" target=\"_blank\">\n\t\t\t\t\t\t\t\t\t\t\t\t\t\t\t\t\t\t\t\t\t\t\t<svg aria-hidden=\"true\" class=\"e-font-icon-svg e-fab-orcid\" viewBox=\"0 0 512 512\" xmlns=\"http:\/\/www.w3.org\/2000\/svg\"><path d=\"M294.75 188.19h-45.92V342h47.47c67.62 0 83.12-51.34 83.12-76.91 0-41.64-26.54-76.9-84.67-76.9zM256 8C119 8 8 119 8 256s111 248 248 248 248-111 248-248S393 8 256 8zm-80.79 360.76h-29.84v-207.5h29.84zm-14.92-231.14a19.57 19.57 0 1 1 19.57-19.57 19.64 19.64 0 0 1-19.57 19.57zM300 369h-81V161.26h80.6c76.73 0 110.44 54.83 110.44 103.85C410 318.39 368.38 369 300 369z\"><\/path><\/svg>\t\t\t\t\t\t\t\t\t\t\t\t\t\t\t\t\t\t\t\t\t<\/a>\n\t\t\t\t\t\t\t\t\t<\/li>\n\t\t\t\t\t\t\t\t\t\t\t\t\t\t\t\t\t\t\t\t\t<\/ul>\n\t\t\t\t\t\t\t\t\t\t<p class=\"eael-team-text\">FCEN - UBA<\/p>\n\t\t\t\t\t\t\t<\/div>\n\t\t<\/div>\n\t<\/div>\n\t\t\t\t\t<\/div>\n\t\t\t\t<\/div>\n\t\t\t\t<\/div>\n\t\t\t\t\t<\/div>\n\t\t\t\t<\/div>\n\t\t<div class=\"elementor-element elementor-element-38122f5 e-flex e-con-boxed e-con e-parent\" data-id=\"38122f5\" data-element_type=\"container\">\n\t\t\t\t\t<div class=\"e-con-inner\">\n\t\t\t\t<div class=\"elementor-element elementor-element-00dac63 elementor-widget elementor-widget-image\" data-id=\"00dac63\" data-element_type=\"widget\" data-widget_type=\"image.default\">\n\t\t\t\t\t\t\t\t\t\t\t\t\t\t\t<img fetchpriority=\"high\" decoding=\"async\" width=\"768\" height=\"259\" src=\"https:\/\/ege.exactas.uba.ar\/wp-content\/uploads\/2025\/09\/EGE-Exactas-UBA-color-institucional-768x259.png\" class=\"attachment-medium_large size-medium_large wp-image-11451\" alt=\"\" srcset=\"https:\/\/ege.exactas.uba.ar\/wp-content\/uploads\/2025\/09\/EGE-Exactas-UBA-color-institucional-768x259.png 768w, https:\/\/ege.exactas.uba.ar\/wp-content\/uploads\/2025\/09\/EGE-Exactas-UBA-color-institucional-300x101.png 300w, https:\/\/ege.exactas.uba.ar\/wp-content\/uploads\/2025\/09\/EGE-Exactas-UBA-color-institucional-1024x345.png 1024w, https:\/\/ege.exactas.uba.ar\/wp-content\/uploads\/2025\/09\/EGE-Exactas-UBA-color-institucional-1536x517.png 1536w, https:\/\/ege.exactas.uba.ar\/wp-content\/uploads\/2025\/09\/EGE-Exactas-UBA-color-institucional-2048x689.png 2048w, https:\/\/ege.exactas.uba.ar\/wp-content\/uploads\/2025\/09\/EGE-Exactas-UBA-color-institucional-scaled-e1759254521651.png 900w\" sizes=\"(max-width: 768px) 100vw, 768px\" \/>\t\t\t\t\t\t\t\t\t\t\t\t\t\t\t<\/div>\n\t\t\t\t\t<\/div>\n\t\t\t\t<\/div>\n\t\t\t\t<\/div>\n\t\t","protected":false},"excerpt":{"rendered":"<p>Gen\u00e9tica y ecolog\u00eda molecular Ciclo superior &#8211; 2\u00ba Cuatrimestre Gen\u00e9tica y ecolog\u00eda molecular El objetivo de Gen\u00e9tica y Ecolog\u00eda Molecular es aprender a utilizar las herramientas que nos brindan la Gen\u00e9tica y la Teor\u00eda Evolutiva para responder preguntas Ecol\u00f3gicas. \u00bfCu\u00e1les son las caracter\u00edsticas \u00f3ptimas del paisaje para la dispersi\u00f3n de las especies?\u00bfUna especie socialmente mon\u00f3gama [&hellip;]<\/p>\n","protected":false},"author":1,"featured_media":0,"parent":12005,"menu_order":0,"comment_status":"closed","ping_status":"closed","template":"","meta":{"footnotes":""},"class_list":["post-11828","page","type-page","status-publish","hentry"],"_links":{"self":[{"href":"https:\/\/ege.exactas.uba.ar\/index.php\/wp-json\/wp\/v2\/pages\/11828","targetHints":{"allow":["GET"]}}],"collection":[{"href":"https:\/\/ege.exactas.uba.ar\/index.php\/wp-json\/wp\/v2\/pages"}],"about":[{"href":"https:\/\/ege.exactas.uba.ar\/index.php\/wp-json\/wp\/v2\/types\/page"}],"author":[{"embeddable":true,"href":"https:\/\/ege.exactas.uba.ar\/index.php\/wp-json\/wp\/v2\/users\/1"}],"replies":[{"embeddable":true,"href":"https:\/\/ege.exactas.uba.ar\/index.php\/wp-json\/wp\/v2\/comments?post=11828"}],"version-history":[{"count":7,"href":"https:\/\/ege.exactas.uba.ar\/index.php\/wp-json\/wp\/v2\/pages\/11828\/revisions"}],"predecessor-version":[{"id":13487,"href":"https:\/\/ege.exactas.uba.ar\/index.php\/wp-json\/wp\/v2\/pages\/11828\/revisions\/13487"}],"up":[{"embeddable":true,"href":"https:\/\/ege.exactas.uba.ar\/index.php\/wp-json\/wp\/v2\/pages\/12005"}],"wp:attachment":[{"href":"https:\/\/ege.exactas.uba.ar\/index.php\/wp-json\/wp\/v2\/media?parent=11828"}],"curies":[{"name":"wp","href":"https:\/\/api.w.org\/{rel}","templated":true}]}}