{"id":11625,"date":"2025-10-03T10:28:09","date_gmt":"2025-10-03T13:28:09","guid":{"rendered":"https:\/\/test.ege.fcen.uba.ar\/?page_id=11625"},"modified":"2025-11-19T15:33:55","modified_gmt":"2025-11-19T18:33:55","slug":"ecologia-ambiental","status":"publish","type":"page","link":"https:\/\/ege.exactas.uba.ar\/index.php\/materias-de-grado-3\/ecologia-ambiental\/","title":{"rendered":"Ecolog\u00eda Ambiental"},"content":{"rendered":"\t\t<div data-elementor-type=\"wp-page\" data-elementor-id=\"11625\" class=\"elementor elementor-11625\">\n\t\t\t\t<div class=\"elementor-element elementor-element-cd1f0fa e-flex e-con-boxed e-con e-parent\" data-id=\"cd1f0fa\" data-element_type=\"container\" data-e-type=\"container\">\n\t\t\t\t\t<div class=\"e-con-inner\">\n\t\t\t\t\t<\/div>\n\t\t\t\t<\/div>\n\t\t<div class=\"elementor-element elementor-element-115e09a e-con-full e-flex e-con e-parent\" data-id=\"115e09a\" data-element_type=\"container\" data-e-type=\"container\" data-settings=\"{&quot;background_background&quot;:&quot;slideshow&quot;,&quot;background_slideshow_gallery&quot;:[{&quot;id&quot;:129,&quot;url&quot;:&quot;https:\\\/\\\/ege.exactas.uba.ar\\\/wp-content\\\/uploads\\\/2025\\\/09\\\/Wallpaper-Exactas-15.jpg&quot;},{&quot;id&quot;:128,&quot;url&quot;:&quot;https:\\\/\\\/ege.exactas.uba.ar\\\/wp-content\\\/uploads\\\/2025\\\/09\\\/Wallpaper-Exactas-13.jpg&quot;},{&quot;id&quot;:305,&quot;url&quot;:&quot;https:\\\/\\\/ege.exactas.uba.ar\\\/wp-content\\\/uploads\\\/2025\\\/09\\\/Wallpaper-Exactas-7.jpg&quot;}],&quot;background_slideshow_slide_duration&quot;:6000,&quot;background_slideshow_transition_duration&quot;:1500,&quot;background_slideshow_lazyload&quot;:&quot;yes&quot;,&quot;background_slideshow_ken_burns&quot;:&quot;yes&quot;,&quot;background_slideshow_ken_burns_zoom_direction&quot;:&quot;out&quot;,&quot;background_slideshow_loop&quot;:&quot;yes&quot;,&quot;background_slideshow_slide_transition&quot;:&quot;fade&quot;}\">\n\t\t<div class=\"elementor-element elementor-element-06fc869 e-flex e-con-boxed e-con e-child\" data-id=\"06fc869\" data-element_type=\"container\" data-e-type=\"container\">\n\t\t\t\t\t<div class=\"e-con-inner\">\n\t\t\t\t<div class=\"elementor-element elementor-element-402bfaa elementor-widget__width-initial elementor-widget elementor-widget-heading\" data-id=\"402bfaa\" data-element_type=\"widget\" data-e-type=\"widget\" data-widget_type=\"heading.default\">\n\t\t\t\t\t<h1 class=\"elementor-heading-title elementor-size-default\">Ecolog\u00eda Ambiental<\/h1>\t\t\t\t<\/div>\n\t\t\t\t<div class=\"elementor-element elementor-element-dd74e93 elementor-widget elementor-widget-text-editor\" data-id=\"dd74e93\" data-element_type=\"widget\" data-e-type=\"widget\" data-widget_type=\"text-editor.default\">\n\t\t\t\t\t\t\t\t\t<p>Ciclo superior &#8211; 1\u00ba Cuatrimestre<\/p>\t\t\t\t\t\t\t\t<\/div>\n\t\t\t\t\t<\/div>\n\t\t\t\t<\/div>\n\t\t<div class=\"elementor-element elementor-element-81ff483 e-con-full e-flex e-con e-child\" data-id=\"81ff483\" data-element_type=\"container\" data-e-type=\"container\">\n\t\t<div class=\"elementor-element elementor-element-c73933f e-con-full elementor-hidden-tablet elementor-hidden-mobile e-flex e-con e-child\" data-id=\"c73933f\" data-element_type=\"container\" data-e-type=\"container\">\n\t\t\t\t<div class=\"elementor-element elementor-element-fcf9250 elementor-widget elementor-widget-image\" data-id=\"fcf9250\" data-element_type=\"widget\" data-e-type=\"widget\" data-widget_type=\"image.default\">\n\t\t\t\t\t\t\t\t\t\t\t\t\t\t\t<img decoding=\"async\" width=\"150\" height=\"150\" src=\"https:\/\/ege.exactas.uba.ar\/wp-content\/uploads\/2025\/09\/logo-mini-250X250-e1757987013995-150x150.png\" class=\"attachment-thumbnail size-thumbnail wp-image-16\" alt=\"Logo Mini EGE IEGEBA\" \/>\t\t\t\t\t\t\t\t\t\t\t\t\t\t\t<\/div>\n\t\t\t\t<\/div>\n\t\t\t\t<\/div>\n\t\t\t\t<\/div>\n\t\t<div class=\"elementor-element elementor-element-4cc66ef e-con-full e-flex e-con e-parent\" data-id=\"4cc66ef\" data-element_type=\"container\" data-e-type=\"container\">\n\t\t<div class=\"elementor-element elementor-element-c808792 e-con-full e-flex e-con e-child\" data-id=\"c808792\" data-element_type=\"container\" data-e-type=\"container\">\n\t\t\t\t<div class=\"elementor-element elementor-element-05cbe1f elementor-widget elementor-widget-heading\" data-id=\"05cbe1f\" data-element_type=\"widget\" data-e-type=\"widget\" data-widget_type=\"heading.default\">\n\t\t\t\t\t<h2 class=\"elementor-heading-title elementor-size-default\">Ecolog\u00eda Ambiental<\/h2>\t\t\t\t<\/div>\n\t\t\t\t<div class=\"elementor-element elementor-element-b7a081e elementor-widget-divider--view-line elementor-widget elementor-widget-divider\" data-id=\"b7a081e\" data-element_type=\"widget\" data-e-type=\"widget\" data-widget_type=\"divider.default\">\n\t\t\t\t\t\t\t<div class=\"elementor-divider\">\n\t\t\t<span class=\"elementor-divider-separator\">\n\t\t\t\t\t\t<\/span>\n\t\t<\/div>\n\t\t\t\t\t\t<\/div>\n\t\t\t\t<div class=\"elementor-element elementor-element-ce14589 elementor-widget elementor-widget-text-editor\" data-id=\"ce14589\" data-element_type=\"widget\" data-e-type=\"widget\" data-widget_type=\"text-editor.default\">\n\t\t\t\t\t\t\t\t\t<p>Zoogeograf\u00eda y ecorregiones de Argentina. Principales minerales. Ciclos de nutrientes en sistemas acu\u00e1ticos y terrestres. Procesos de orog\u00e9nesis. Rocas \u00edgneas, metam\u00f3rficas y sedimentarias. Meteorizaci\u00f3n. Agentes de modelado y geoformas. Procesos gravitacionales, e\u00f3licos, fluviales, glaciarios y marinos. Los sistemas de humedales (interiores y costeros): estructura, funcionamiento e importancia. Suelos: factores y procesos de formaci\u00f3n. Tipos de suelos y propiedades. Relaciones suelo-vegetaci\u00f3n-microorganismos. Reg\u00edmenes de disturbios: su importancia como determinantes de la organizaci\u00f3n y sucesi\u00f3n en sistemas ecol\u00f3gicos. T\u00e9cnicas operativas de an\u00e1lisis y evaluaci\u00f3n ambiental. Cartografia: interpretaci\u00f3n y elaboraci\u00f3n de mapas. Sensores remotos: interpretaci\u00f3n y an\u00e1lisis de fotografi\u00e1s a\u00e9reas e im\u00e1genes satelitales. Sistemas geogr\u00e1ficos de informaci\u00f3n (Gis). Ecologia del paisaje. Estructura y dinamica de los paisajes. Conceptos de heterogeneidad, patr\u00f3n, matriz, parche y corredor: an\u00e1lisis a diferentes escalas. Variables de caracterizaci\u00f3n y delimitaci\u00f3n, indicadores e indices. Recursos naturales de Argentina. lmpacto de la intervenci\u00f3n humana a distintas escalas.<\/p>\t\t\t\t\t\t\t\t<\/div>\n\t\t\t\t<div class=\"elementor-element elementor-element-e33fda1 elementor-widget elementor-widget-spacer\" data-id=\"e33fda1\" data-element_type=\"widget\" data-e-type=\"widget\" data-widget_type=\"spacer.default\">\n\t\t\t\t\t\t\t<div class=\"elementor-spacer\">\n\t\t\t<div class=\"elementor-spacer-inner\"><\/div>\n\t\t<\/div>\n\t\t\t\t\t\t<\/div>\n\t\t\t\t<div class=\"elementor-element elementor-element-6652350 elementor-widget elementor-widget-heading\" data-id=\"6652350\" data-element_type=\"widget\" data-e-type=\"widget\" data-widget_type=\"heading.default\">\n\t\t\t\t\t<h2 class=\"elementor-heading-title elementor-size-default\">Contenidos m\u00ednimos<\/h2>\t\t\t\t<\/div>\n\t\t\t\t<div class=\"elementor-element elementor-element-2ca9f50 elementor-widget elementor-widget-text-editor\" data-id=\"2ca9f50\" data-element_type=\"widget\" data-e-type=\"widget\" data-widget_type=\"text-editor.default\">\n\t\t\t\t\t\t\t\t\t<p>Pensamiento evolutivo. Darwinismo. Microevoluci\u00f3n. Variaci\u00f3n hereditaria. Selecci\u00f3n natural. Deriva g\u00e9nica. Endogamia. Tama\u00f1o efectivo. Efecto fundador. Migraci\u00f3n. Flujo g\u00e9nico. Teor\u00eda Neutralista. Especie. Barreras al flujo g\u00e9nico. Especiaci\u00f3n. Alopatr\u00eda. Simpatr\u00eda. Parapatr\u00eda. Especiaci\u00f3n Ecol\u00f3gica. Macroevoluci\u00f3n. Diversidad y clasificaci\u00f3n. Paleobiolog\u00eda. Programa adaptacionista. Selecci\u00f3n de especies. Deriva de especies. Especiaci\u00f3n direccional. Novedades evolutivas. Evoluci\u00f3n y Desarrollo. Selecci\u00f3n Sexual. Evoluci\u00f3n Humana.<\/p>\t\t\t\t\t\t\t\t<\/div>\n\t\t\t\t<div class=\"elementor-element elementor-element-3960083 elementor-widget elementor-widget-spacer\" data-id=\"3960083\" data-element_type=\"widget\" data-e-type=\"widget\" data-widget_type=\"spacer.default\">\n\t\t\t\t\t\t\t<div class=\"elementor-spacer\">\n\t\t\t<div class=\"elementor-spacer-inner\"><\/div>\n\t\t<\/div>\n\t\t\t\t\t\t<\/div>\n\t\t\t\t<\/div>\n\t\t<div class=\"elementor-element elementor-element-b37db46 e-con-full e-flex e-con e-child\" data-id=\"b37db46\" data-element_type=\"container\" data-e-type=\"container\" data-settings=\"{&quot;background_background&quot;:&quot;gradient&quot;}\">\n\t\t\t\t<div class=\"elementor-element elementor-element-10c55c7 elementor-widget__width-initial elementor-widget elementor-widget-text-editor\" data-id=\"10c55c7\" data-element_type=\"widget\" data-e-type=\"widget\" data-widget_type=\"text-editor.default\">\n\t\t\t\t\t\t\t\t\t<p>HORARIOS<\/p>\t\t\t\t\t\t\t\t<\/div>\n\t\t\t\t<div class=\"elementor-element elementor-element-e878ace elementor-widget elementor-widget-heading\" data-id=\"e878ace\" data-element_type=\"widget\" data-e-type=\"widget\" data-widget_type=\"heading.default\">\n\t\t\t\t\t<h2 class=\"elementor-heading-title elementor-size-default\">Clases te\u00f3ricas<\/h2>\t\t\t\t<\/div>\n\t\t\t\t<div class=\"elementor-element elementor-element-310e206 elementor-widget elementor-widget-text-editor\" data-id=\"310e206\" data-element_type=\"widget\" data-e-type=\"widget\" data-widget_type=\"text-editor.default\">\n\t\t\t\t\t\t\t\t\t<p>Lunes y mi\u00e9rcoles de 14:30 a 17 hs<\/p>\t\t\t\t\t\t\t\t<\/div>\n\t\t\t\t<div class=\"elementor-element elementor-element-83330c1 elementor-widget elementor-widget-heading\" data-id=\"83330c1\" data-element_type=\"widget\" data-e-type=\"widget\" data-widget_type=\"heading.default\">\n\t\t\t\t\t<h2 class=\"elementor-heading-title elementor-size-default\">TPs y seminarios<\/h2>\t\t\t\t<\/div>\n\t\t\t\t<div class=\"elementor-element elementor-element-15d4862 elementor-widget elementor-widget-text-editor\" data-id=\"15d4862\" data-element_type=\"widget\" data-e-type=\"widget\" data-widget_type=\"text-editor.default\">\n\t\t\t\t\t\t\t\t\t<p>Lunes y mi\u00e9rcoles de 14:30 a 17 hs<\/p>\t\t\t\t\t\t\t\t<\/div>\n\t\t\t\t<div class=\"elementor-element elementor-element-2b02e15 elementor-widget-divider--view-line elementor-widget elementor-widget-divider\" data-id=\"2b02e15\" data-element_type=\"widget\" data-e-type=\"widget\" data-widget_type=\"divider.default\">\n\t\t\t\t\t\t\t<div class=\"elementor-divider\">\n\t\t\t<span class=\"elementor-divider-separator\">\n\t\t\t\t\t\t<\/span>\n\t\t<\/div>\n\t\t\t\t\t\t<\/div>\n\t\t\t\t<div class=\"elementor-element elementor-element-1d5e635 elementor-widget elementor-widget-heading\" data-id=\"1d5e635\" data-element_type=\"widget\" data-e-type=\"widget\" data-widget_type=\"heading.default\">\n\t\t\t\t\t<h2 class=\"elementor-heading-title elementor-size-default\">Correlativas<\/h2>\t\t\t\t<\/div>\n\t\t\t\t<div class=\"elementor-element elementor-element-2ee21aa elementor-widget elementor-widget-text-editor\" data-id=\"2ee21aa\" data-element_type=\"widget\" data-e-type=\"widget\" data-widget_type=\"text-editor.default\">\n\t\t\t\t\t\t\t\t\t<ul><li>Ecolog\u00eda general<\/li><\/ul>\t\t\t\t\t\t\t\t<\/div>\n\t\t\t\t<div class=\"elementor-element elementor-element-570d126 elementor-widget-divider--view-line elementor-widget elementor-widget-divider\" data-id=\"570d126\" data-element_type=\"widget\" data-e-type=\"widget\" data-widget_type=\"divider.default\">\n\t\t\t\t\t\t\t<div class=\"elementor-divider\">\n\t\t\t<span class=\"elementor-divider-separator\">\n\t\t\t\t\t\t<\/span>\n\t\t<\/div>\n\t\t\t\t\t\t<\/div>\n\t\t\t\t<div class=\"elementor-element elementor-element-95fd5ca elementor-widget elementor-widget-heading\" data-id=\"95fd5ca\" data-element_type=\"widget\" data-e-type=\"widget\" data-widget_type=\"heading.default\">\n\t\t\t\t\t<h2 class=\"elementor-heading-title elementor-size-default\">Profesora<\/h2>\t\t\t\t<\/div>\n\t\t\t\t<div class=\"elementor-element elementor-element-849a6fe elementor-widget elementor-widget-text-editor\" data-id=\"849a6fe\" data-element_type=\"widget\" data-e-type=\"widget\" data-widget_type=\"text-editor.default\">\n\t\t\t\t\t\t\t\t\t<ul><li>Viviana Alder<\/li><\/ul>\t\t\t\t\t\t\t\t<\/div>\n\t\t\t\t<div class=\"elementor-element elementor-element-f21c881 elementor-widget elementor-widget-heading\" data-id=\"f21c881\" data-element_type=\"widget\" data-e-type=\"widget\" data-widget_type=\"heading.default\">\n\t\t\t\t\t<h2 class=\"elementor-heading-title elementor-size-default\">Docentes Auxiliares<\/h2>\t\t\t\t<\/div>\n\t\t\t\t<div class=\"elementor-element elementor-element-d7d1b1a elementor-widget elementor-widget-text-editor\" data-id=\"d7d1b1a\" data-element_type=\"widget\" data-e-type=\"widget\" data-widget_type=\"text-editor.default\">\n\t\t\t\t\t\t\t\t\t<ul><li>Roberto B\u00f3 (JTP)<\/li><li>Ruben Ginzburg<\/li><li>Lucia Zubisarreta<\/li><li>Virginia Diaz Villa<\/li><\/ul>\t\t\t\t\t\t\t\t<\/div>\n\t\t\t\t<div class=\"elementor-element elementor-element-64578df elementor-align-center elementor-widget elementor-widget-button\" data-id=\"64578df\" data-element_type=\"widget\" data-e-type=\"widget\" data-widget_type=\"button.default\">\n\t\t\t\t\t\t\t\t\t\t<a class=\"elementor-button elementor-button-link elementor-size-sm\" href=\"https:\/\/inscripciones.exactas.uba.ar\/autogestion\/\" target=\"_blank\">\n\t\t\t\t\t\t<span class=\"elementor-button-content-wrapper\">\n\t\t\t\t\t\t<span class=\"elementor-button-icon\">\n\t\t\t\t<svg aria-hidden=\"true\" class=\"e-font-icon-svg e-fas-external-link-alt\" viewBox=\"0 0 512 512\" xmlns=\"http:\/\/www.w3.org\/2000\/svg\"><path d=\"M432,320H400a16,16,0,0,0-16,16V448H64V128H208a16,16,0,0,0,16-16V80a16,16,0,0,0-16-16H48A48,48,0,0,0,0,112V464a48,48,0,0,0,48,48H400a48,48,0,0,0,48-48V336A16,16,0,0,0,432,320ZM488,0h-128c-21.37,0-32.05,25.91-17,41l35.73,35.73L135,320.37a24,24,0,0,0,0,34L157.67,377a24,24,0,0,0,34,0L435.28,133.32,471,169c15,15,41,4.5,41-17V24A24,24,0,0,0,488,0Z\"><\/path><\/svg>\t\t\t<\/span>\n\t\t\t\t\t\t\t\t\t<span class=\"elementor-button-text\">INSCRIBIRME<\/span>\n\t\t\t\t\t<\/span>\n\t\t\t\t\t<\/a>\n\t\t\t\t\t\t\t\t<\/div>\n\t\t\t\t<\/div>\n\t\t\t\t<\/div>\n\t\t<div class=\"elementor-element elementor-element-bb05eda e-flex e-con-boxed e-con e-parent\" data-id=\"bb05eda\" data-element_type=\"container\" data-e-type=\"container\" data-settings=\"{&quot;shape_divider_top&quot;:&quot;opacity-tilt&quot;}\">\n\t\t\t\t\t<div class=\"e-con-inner\">\n\t\t\t\t<div class=\"elementor-shape elementor-shape-top\" aria-hidden=\"true\" data-negative=\"false\">\n\t\t\t<svg xmlns=\"http:\/\/www.w3.org\/2000\/svg\" viewBox=\"0 0 2600 131.1\" preserveAspectRatio=\"none\">\n\t<path class=\"elementor-shape-fill\" d=\"M0 0L2600 0 2600 69.1 0 0z\"\/>\n\t<path class=\"elementor-shape-fill\" style=\"opacity:0.5\" d=\"M0 0L2600 0 2600 69.1 0 69.1z\"\/>\n\t<path class=\"elementor-shape-fill\" style=\"opacity:0.25\" d=\"M2600 0L0 0 0 130.1 2600 69.1z\"\/>\n<\/svg>\t\t<\/div>\n\t\t<div class=\"elementor-element elementor-element-ddb4a2b e-con-full e-flex e-con e-child\" data-id=\"ddb4a2b\" data-element_type=\"container\" data-e-type=\"container\">\n\t\t\t\t<div class=\"elementor-element elementor-element-4732def elementor-widget elementor-widget-heading\" data-id=\"4732def\" data-element_type=\"widget\" data-e-type=\"widget\" data-widget_type=\"heading.default\">\n\t\t\t\t\t<h2 class=\"elementor-heading-title elementor-size-default\">Profesores de  \"Evoluci\u00f3n\"<\/h2>\t\t\t\t<\/div>\n\t\t<div class=\"elementor-element elementor-element-1fcc6d2 e-con-full e-flex e-con e-child\" data-id=\"1fcc6d2\" data-element_type=\"container\" data-e-type=\"container\">\n\t\t\t\t<div class=\"elementor-element elementor-element-79f67b1 eael-team-align-centered elementor-widget__width-initial elementor-widget elementor-widget-eael-team-member\" data-id=\"79f67b1\" data-element_type=\"widget\" data-e-type=\"widget\" data-widget_type=\"eael-team-member.default\">\n\t\t\t\t\t\n\n\t<div id=\"eael-team-member-79f67b1\" class=\"eael-team-item eael-team-members-simple team-avatar-rounded\">\n\t\t<div class=\"eael-team-item-inner\">\n\t\t\t<div class=\"eael-team-image\">\n\t\t\t\t<figure>\n\t\t\t\t\t\t\t\t\t\t<img decoding=\"async\" src=\"https:\/\/ege.exactas.uba.ar\/wp-content\/uploads\/elementor\/thumbs\/alder-rejt8rk4gmz94b4zdjmk8tj5w6aimmou2elecme3eg.png\" alt=\"\">\n\t\t\t\t\t\t\t\t\t<\/figure>\n\t\t\t\t\n\t\t\t\t\n\t\t\t<\/div>\n\n\t\t\t<div class=\"eael-team-content\">\n\t\t\t\t<h2 class=\"eael-team-member-name\">ALDER, VIVIANA ANDREA<\/h2><h3 class=\"eael-team-member-position\">Investigador Principal CONICET, profesora Adjunta EGE-FCEN y Dra. en Ciencias Biol\u00f3gicas<\/h3>\n\t\t\t\t\t\t\t\t\t\t\t\t\t\t\t<ul class=\"eael-team-member-social-profiles\">\n\t\t\t\t\t\t\t\t\t\t\t\t\t\t\t\t\t\t\t\t\t\t\t\t\t\t\t\t\t\t\t\t\t\t\t\t\t\t\t\t\t<li class=\"eael-team-member-social-link\">\n\t\t\t\t\t\t\t\t\t\t<a href=\"mailto:viviana.alder@gmail.com\" target=\"_blank\">\n\t\t\t\t\t\t\t\t\t\t\t\t\t\t\t\t\t\t\t\t\t\t\t<svg aria-hidden=\"true\" class=\"e-font-icon-svg e-fas-envelope\" viewBox=\"0 0 512 512\" xmlns=\"http:\/\/www.w3.org\/2000\/svg\"><path d=\"M502.3 190.8c3.9-3.1 9.7-.2 9.7 4.7V400c0 26.5-21.5 48-48 48H48c-26.5 0-48-21.5-48-48V195.6c0-5 5.7-7.8 9.7-4.7 22.4 17.4 52.1 39.5 154.1 113.6 21.1 15.4 56.7 47.8 92.2 47.6 35.7.3 72-32.8 92.3-47.6 102-74.1 131.6-96.3 154-113.7zM256 320c23.2.4 56.6-29.2 73.4-41.4 132.7-96.3 142.8-104.7 173.4-128.7 5.8-4.5 9.2-11.5 9.2-18.9v-19c0-26.5-21.5-48-48-48H48C21.5 64 0 85.5 0 112v19c0 7.4 3.4 14.3 9.2 18.9 30.6 23.9 40.7 32.4 173.4 128.7 16.8 12.2 50.2 41.8 73.4 41.4z\"><\/path><\/svg>\t\t\t\t\t\t\t\t\t\t\t\t\t\t\t\t\t\t\t\t\t<\/a>\n\t\t\t\t\t\t\t\t\t<\/li>\n\t\t\t\t\t\t\t\t\t\t\t\t\t\t\t\t\t\t\t\t\t\t\t\t\t\t\t\t\t\t\t\t\t\t\t\t\t\t\t\t\t\t\t\t\t\t\t\t\t<li class=\"eael-team-member-social-link\">\n\t\t\t\t\t\t\t\t\t\t<a href=\"https:\/\/orcid.org\/0000-0002-7375-3279\" target=\"_blank\">\n\t\t\t\t\t\t\t\t\t\t\t\t\t\t\t\t\t\t\t\t\t\t\t<svg aria-hidden=\"true\" class=\"e-font-icon-svg e-fab-orcid\" viewBox=\"0 0 512 512\" xmlns=\"http:\/\/www.w3.org\/2000\/svg\"><path d=\"M294.75 188.19h-45.92V342h47.47c67.62 0 83.12-51.34 83.12-76.91 0-41.64-26.54-76.9-84.67-76.9zM256 8C119 8 8 119 8 256s111 248 248 248 248-111 248-248S393 8 256 8zm-80.79 360.76h-29.84v-207.5h29.84zm-14.92-231.14a19.57 19.57 0 1 1 19.57-19.57 19.64 19.64 0 0 1-19.57 19.57zM300 369h-81V161.26h80.6c76.73 0 110.44 54.83 110.44 103.85C410 318.39 368.38 369 300 369z\"><\/path><\/svg>\t\t\t\t\t\t\t\t\t\t\t\t\t\t\t\t\t\t\t\t\t<\/a>\n\t\t\t\t\t\t\t\t\t<\/li>\n\t\t\t\t\t\t\t\t\t\t\t\t\t\t\t\t\t\t\t\t\t<\/ul>\n\t\t\t\t\t\t\t\t\t\t<p class=\"eael-team-text\">FCEN - UBA<\/p>\n\t\t\t\t\t\t\t<\/div>\n\t\t<\/div>\n\t<\/div>\n\t\t\t\t\t<\/div>\n\t\t\t\t<\/div>\n\t\t\t\t<\/div>\n\t\t\t\t\t<\/div>\n\t\t\t\t<\/div>\n\t\t<div class=\"elementor-element elementor-element-38122f5 e-flex e-con-boxed e-con e-parent\" data-id=\"38122f5\" data-element_type=\"container\" data-e-type=\"container\">\n\t\t\t\t\t<div class=\"e-con-inner\">\n\t\t\t\t<div class=\"elementor-element elementor-element-00dac63 elementor-widget elementor-widget-image\" data-id=\"00dac63\" data-element_type=\"widget\" data-e-type=\"widget\" data-widget_type=\"image.default\">\n\t\t\t\t\t\t\t\t\t\t\t\t\t\t\t<img fetchpriority=\"high\" decoding=\"async\" width=\"768\" height=\"259\" src=\"https:\/\/ege.exactas.uba.ar\/wp-content\/uploads\/2025\/09\/EGE-Exactas-UBA-color-institucional-768x259.png\" class=\"attachment-medium_large size-medium_large wp-image-11451\" alt=\"\" srcset=\"https:\/\/ege.exactas.uba.ar\/wp-content\/uploads\/2025\/09\/EGE-Exactas-UBA-color-institucional-768x259.png 768w, https:\/\/ege.exactas.uba.ar\/wp-content\/uploads\/2025\/09\/EGE-Exactas-UBA-color-institucional-300x101.png 300w, https:\/\/ege.exactas.uba.ar\/wp-content\/uploads\/2025\/09\/EGE-Exactas-UBA-color-institucional-1024x345.png 1024w, https:\/\/ege.exactas.uba.ar\/wp-content\/uploads\/2025\/09\/EGE-Exactas-UBA-color-institucional-1536x517.png 1536w, https:\/\/ege.exactas.uba.ar\/wp-content\/uploads\/2025\/09\/EGE-Exactas-UBA-color-institucional-2048x689.png 2048w, https:\/\/ege.exactas.uba.ar\/wp-content\/uploads\/2025\/09\/EGE-Exactas-UBA-color-institucional-scaled-e1759254521651.png 900w\" sizes=\"(max-width: 768px) 100vw, 768px\" \/>\t\t\t\t\t\t\t\t\t\t\t\t\t\t\t<\/div>\n\t\t\t\t\t<\/div>\n\t\t\t\t<\/div>\n\t\t\t\t<\/div>\n\t\t","protected":false},"excerpt":{"rendered":"<p>Ecolog\u00eda Ambiental Ciclo superior &#8211; 1\u00ba Cuatrimestre Ecolog\u00eda Ambiental Zoogeograf\u00eda y ecorregiones de Argentina. Principales minerales. Ciclos de nutrientes en sistemas acu\u00e1ticos y terrestres. Procesos de orog\u00e9nesis. Rocas \u00edgneas, metam\u00f3rficas y sedimentarias. Meteorizaci\u00f3n. Agentes de modelado y geoformas. Procesos gravitacionales, e\u00f3licos, fluviales, glaciarios y marinos. Los sistemas de humedales (interiores y costeros): estructura, funcionamiento e [&hellip;]<\/p>\n","protected":false},"author":1,"featured_media":0,"parent":12005,"menu_order":0,"comment_status":"closed","ping_status":"closed","template":"","meta":{"footnotes":""},"class_list":["post-11625","page","type-page","status-publish","hentry"],"_links":{"self":[{"href":"https:\/\/ege.exactas.uba.ar\/index.php\/wp-json\/wp\/v2\/pages\/11625","targetHints":{"allow":["GET"]}}],"collection":[{"href":"https:\/\/ege.exactas.uba.ar\/index.php\/wp-json\/wp\/v2\/pages"}],"about":[{"href":"https:\/\/ege.exactas.uba.ar\/index.php\/wp-json\/wp\/v2\/types\/page"}],"author":[{"embeddable":true,"href":"https:\/\/ege.exactas.uba.ar\/index.php\/wp-json\/wp\/v2\/users\/1"}],"replies":[{"embeddable":true,"href":"https:\/\/ege.exactas.uba.ar\/index.php\/wp-json\/wp\/v2\/comments?post=11625"}],"version-history":[{"count":13,"href":"https:\/\/ege.exactas.uba.ar\/index.php\/wp-json\/wp\/v2\/pages\/11625\/revisions"}],"predecessor-version":[{"id":13448,"href":"https:\/\/ege.exactas.uba.ar\/index.php\/wp-json\/wp\/v2\/pages\/11625\/revisions\/13448"}],"up":[{"embeddable":true,"href":"https:\/\/ege.exactas.uba.ar\/index.php\/wp-json\/wp\/v2\/pages\/12005"}],"wp:attachment":[{"href":"https:\/\/ege.exactas.uba.ar\/index.php\/wp-json\/wp\/v2\/media?parent=11625"}],"curies":[{"name":"wp","href":"https:\/\/api.w.org\/{rel}","templated":true}]}}